{"id":8428,"date":"2018-01-09T16:00:20","date_gmt":"2018-01-09T21:00:20","guid":{"rendered":"https:\/\/asf-estrie.org\/vie-associative\/"},"modified":"2023-09-21T15:25:58","modified_gmt":"2023-09-21T20:25:58","slug":"vie-associative","status":"publish","type":"page","link":"https:\/\/asf-estrie.org\/en\/vie-associative\/","title":{"rendered":"Vie associative"},"content":{"rendered":"\t\t<div data-elementor-type=\"wp-post\" data-elementor-id=\"8428\" class=\"elementor elementor-8428 elementor-153\" data-elementor-post-type=\"page\">\n\t\t\t\t\t\t<section class=\"elementor-section elementor-top-section elementor-element elementor-element-205bcc0 elementor-section-stretched elementor-section-full_width elementor-section-height-default elementor-section-height-default\" data-id=\"205bcc0\" data-element_type=\"section\" data-e-type=\"section\" data-settings=\"{&quot;stretch_section&quot;:&quot;section-stretched&quot;}\">\n\t\t\t\t\t\t<div class=\"elementor-container elementor-column-gap-no\">\n\t\t\t\t\t<div class=\"elementor-column elementor-col-33 elementor-top-column elementor-element elementor-element-98ad235\" data-id=\"98ad235\" data-element_type=\"column\" data-e-type=\"column\">\n\t\t\t<div class=\"elementor-widget-wrap elementor-element-populated\">\n\t\t\t\t\t\t<div class=\"elementor-element elementor-element-ec732da elementor-widget elementor-widget-image\" data-id=\"ec732da\" data-element_type=\"widget\" data-e-type=\"widget\" data-widget_type=\"image.default\">\n\t\t\t\t<div class=\"elementor-widget-container\">\n\t\t\t\t\t\t\t\t\t\t\t\t<figure class=\"wp-caption\">\n\t\t\t\t\t\t\t\t\t\t<img decoding=\"async\" src=\"https:\/\/asf-estrie.org\/wp-content\/uploads\/elementor\/thumbs\/photomontage-1514218_1920-2-p5t7x38g6cke0m4jwp9a9cyjr7x17mu40t7ihr31ig.jpg\" title=\"photomontage-1514218_1920 (2)\" alt=\"photomontage-1514218_1920 (2)\" loading=\"lazy\" \/>\t\t\t\t\t\t\t\t\t\t\t<figcaption class=\"widget-image-caption wp-caption-text\">COMMUNAUT\u00c9 DE MEMBRES<\/figcaption>\n\t\t\t\t\t\t\t\t\t\t<\/figure>\n\t\t\t\t\t\t\t\t\t<\/div>\n\t\t\t\t<\/div>\n\t\t\t\t\t<\/div>\n\t\t<\/div>\n\t\t\t\t<div class=\"elementor-column elementor-col-33 elementor-top-column elementor-element elementor-element-b8c2d6d\" data-id=\"b8c2d6d\" data-element_type=\"column\" data-e-type=\"column\">\n\t\t\t<div class=\"elementor-widget-wrap elementor-element-populated\">\n\t\t\t\t\t\t<div class=\"elementor-element elementor-element-7bd6e26 elementor-widget elementor-widget-image\" data-id=\"7bd6e26\" data-element_type=\"widget\" data-e-type=\"widget\" data-widget_type=\"image.default\">\n\t\t\t\t<div class=\"elementor-widget-container\">\n\t\t\t\t\t\t\t\t\t\t\t\t<figure class=\"wp-caption\">\n\t\t\t\t\t\t\t\t\t\t<img decoding=\"async\" src=\"https:\/\/asf-estrie.org\/wp-content\/uploads\/elementor\/thumbs\/004-p5t7x38g6ckdeiltof3iejoncekb2nodjludmrhlca.jpg\" title=\"004\" alt=\"004\" loading=\"lazy\" \/>\t\t\t\t\t\t\t\t\t\t\t<figcaption class=\"widget-image-caption wp-caption-text\">ASSEMBL\u00c9E G\u00c9N\u00c9RALE<\/figcaption>\n\t\t\t\t\t\t\t\t\t\t<\/figure>\n\t\t\t\t\t\t\t\t\t<\/div>\n\t\t\t\t<\/div>\n\t\t\t\t\t<\/div>\n\t\t<\/div>\n\t\t\t\t<div class=\"elementor-column elementor-col-33 elementor-top-column elementor-element elementor-element-da44657\" data-id=\"da44657\" data-element_type=\"column\" data-e-type=\"column\">\n\t\t\t<div class=\"elementor-widget-wrap elementor-element-populated\">\n\t\t\t\t\t\t<div class=\"elementor-element elementor-element-171d9bf elementor-widget elementor-widget-image\" data-id=\"171d9bf\" data-element_type=\"widget\" data-e-type=\"widget\" data-widget_type=\"image.default\">\n\t\t\t\t<div class=\"elementor-widget-container\">\n\t\t\t\t\t\t\t\t\t\t\t\t<figure class=\"wp-caption\">\n\t\t\t\t\t\t\t\t\t\t<img decoding=\"async\" src=\"https:\/\/asf-estrie.org\/wp-content\/uploads\/elementor\/thumbs\/dolphin-3504085_1920-p5t7x38g6ckd75fkxnpl49xcjgs2czygpve00fmfy8.jpg\" title=\"dolphin-3504085_1920\" alt=\"dolphin-3504085_1920\" loading=\"lazy\" \/>\t\t\t\t\t\t\t\t\t\t\t<figcaption class=\"widget-image-caption wp-caption-text\">R\u00c9UNIONS DU CONSEIL D'ADMINISTRATION<\/figcaption>\n\t\t\t\t\t\t\t\t\t\t<\/figure>\n\t\t\t\t\t\t\t\t\t<\/div>\n\t\t\t\t<\/div>\n\t\t\t\t\t<\/div>\n\t\t<\/div>\n\t\t\t\t\t<\/div>\n\t\t<\/section>\n\t\t\t\t<section class=\"elementor-section elementor-top-section elementor-element elementor-element-a40b2e1 elementor-section-stretched elementor-section-full_width elementor-section-height-default elementor-section-height-default\" data-id=\"a40b2e1\" data-element_type=\"section\" data-e-type=\"section\" data-settings=\"{&quot;stretch_section&quot;:&quot;section-stretched&quot;,&quot;background_background&quot;:&quot;classic&quot;}\">\n\t\t\t\t\t\t<div class=\"elementor-container elementor-column-gap-default\">\n\t\t\t\t\t<div class=\"elementor-column elementor-col-100 elementor-top-column elementor-element elementor-element-e025d5e\" data-id=\"e025d5e\" data-element_type=\"column\" data-e-type=\"column\">\n\t\t\t<div class=\"elementor-widget-wrap elementor-element-populated\">\n\t\t\t\t\t\t<div class=\"elementor-element elementor-element-903579c elementor-widget elementor-widget-heading\" data-id=\"903579c\" data-element_type=\"widget\" data-e-type=\"widget\" data-widget_type=\"heading.default\">\n\t\t\t\t<div class=\"elementor-widget-container\">\n\t\t\t\t\t<h2 class=\"elementor-heading-title elementor-size-default\">VIE ASSOCIATIVE<\/h2>\t\t\t\t<\/div>\n\t\t\t\t<\/div>\n\t\t\t\t\t<\/div>\n\t\t<\/div>\n\t\t\t\t\t<\/div>\n\t\t<\/section>\n\t\t\t\t<section class=\"elementor-section elementor-top-section elementor-element elementor-element-5e864be elementor-section-stretched elementor-section-full_width elementor-section-height-default elementor-section-height-default\" data-id=\"5e864be\" data-element_type=\"section\" data-e-type=\"section\" data-settings=\"{&quot;stretch_section&quot;:&quot;section-stretched&quot;}\">\n\t\t\t\t\t\t<div class=\"elementor-container elementor-column-gap-default\">\n\t\t\t\t\t<div class=\"elementor-column elementor-col-33 elementor-top-column elementor-element elementor-element-8c65406\" data-id=\"8c65406\" data-element_type=\"column\" data-e-type=\"column\">\n\t\t\t<div class=\"elementor-widget-wrap elementor-element-populated\">\n\t\t\t\t\t\t<div class=\"elementor-element elementor-element-2f3cd1d elementor-widget elementor-widget-text-editor\" data-id=\"2f3cd1d\" data-element_type=\"widget\" data-e-type=\"widget\" data-widget_type=\"text-editor.default\">\n\t\t\t\t<div class=\"elementor-widget-container\">\n\t\t\t\t\t\t\t\t\t<p><strong>COMMUNAUT\u00c9 DE MEMBRES<\/strong><\/p><p>Action Saint-Fran\u00e7ois est un organisme \u00e0 but non-lucratif (OBNL) et comme tous les OBNL, la participation (financi\u00e8re ou autres) des membres est essentielle au maintien de la vie associative de l&#8217;organisme.<\/p><p>Un citoyen peut devenir membre d&#8217;Action Saint-Fran\u00e7ois en payant une cotisation de 30$ par ann\u00e9e. Une association doit d\u00e9bourser 50$ et une entreprise (incluant municipalit\u00e9s et institutions) 150$ pour \u00eatre membre de l\u2019organisme.<\/p><p>La cotisation de membre donne droit de participer \u00e0 l&#8217;assembl\u00e9e g\u00e9n\u00e9rale et de voter. Elle permet aussi de faire partie du conseil d\u2019administration pour ceux et celles qui le d\u00e9sirent.\u00a0<\/p><p>Finalement, Action Saint-Fran\u00e7ois offre \u00e0 ses membres une r\u00e9duction des frais de participation pour toute activit\u00e9 que l&#8217;organisme pr\u00e9sentera (Conf\u00e9rences, ateliers et Salon de la Nature).<\/p>\t\t\t\t\t\t\t\t<\/div>\n\t\t\t\t<\/div>\n\t\t\t\t\t<\/div>\n\t\t<\/div>\n\t\t\t\t<div class=\"elementor-column elementor-col-33 elementor-top-column elementor-element elementor-element-a610e3f\" data-id=\"a610e3f\" data-element_type=\"column\" data-e-type=\"column\">\n\t\t\t<div class=\"elementor-widget-wrap elementor-element-populated\">\n\t\t\t\t\t\t<div class=\"elementor-element elementor-element-8de96a5 elementor-widget elementor-widget-text-editor\" data-id=\"8de96a5\" data-element_type=\"widget\" data-e-type=\"widget\" data-widget_type=\"text-editor.default\">\n\t\t\t\t<div class=\"elementor-widget-container\">\n\t\t\t\t\t\t\t\t\t<p><strong>ASSEMBL\u00c9E G\u00c9N\u00c9RALE<\/strong><\/p><p>L&#8217;organisme tient une assembl\u00e9e g\u00e9n\u00e9rale par ann\u00e9e (AGA). Il peut arriver que nous ayons besoin de tenir une assembl\u00e9e extraordinaire (AGE), mais c&#8217;est tr\u00e8s rare.<\/p><p>Lors de l&#8217;AGA, les membres re\u00e7oivent de l\u2019information sur les activit\u00e9s qui ont eu lieu l&#8217;ann\u00e9e pr\u00e9c\u00e9dente, de m\u00eame que sur les finances de l&#8217;organisme. C&#8217;est aussi lors de cette rencontre que les pr\u00e9visions financi\u00e8res et les projets d&#8217;activit\u00e9s sont pr\u00e9sent\u00e9s. Il est possible aussi que des nouveaux r\u00e8glements de r\u00e9gie interne y soient vot\u00e9s. Finalement, c&#8217;est \u00e0 l&#8217;AGA que les membres du conseil d&#8217;administration sont choisis.<\/p><p>Pour avoir droit de vote \u00e0 l&#8217;AGA, il faut \u00eatre membre de l&#8217;organisme. Toutefois, des personnes int\u00e9ress\u00e9es \u00e0 participer \u00e0 la rencontre peuvent le faire m\u00eame si elles ne sont pas membres de l&#8217;organisme. Elles peuvent s&#8217;exprimer mais pas voter et elles ne peuvent devenir membre du conseil d&#8217;administration tant qu&#8217;elles ne sont pas membres de l&#8217;organisme.<\/p>\t\t\t\t\t\t\t\t<\/div>\n\t\t\t\t<\/div>\n\t\t\t\t\t<\/div>\n\t\t<\/div>\n\t\t\t\t<div class=\"elementor-column elementor-col-33 elementor-top-column elementor-element elementor-element-af0c0de\" data-id=\"af0c0de\" data-element_type=\"column\" data-e-type=\"column\">\n\t\t\t<div class=\"elementor-widget-wrap elementor-element-populated\">\n\t\t\t\t\t\t<div class=\"elementor-element elementor-element-4b278f9 elementor-widget elementor-widget-text-editor\" data-id=\"4b278f9\" data-element_type=\"widget\" data-e-type=\"widget\" data-widget_type=\"text-editor.default\">\n\t\t\t\t<div class=\"elementor-widget-container\">\n\t\t\t\t\t\t\t\t\t<p><strong>CONSEIL D&#8217;ADMINISTRATION<\/strong><\/p><p>Le conseil d&#8217;administration d&#8217;Action Saint-Fran\u00e7ois est constitu\u00e9 de neuf personnes. (Pour plus de d\u00e9tails sur le conseil d&#8217;administration, voir la page sur les <a href=\"https:\/\/asf-estrie.org\/reglements-generaux\/\" target=\"_blank\" rel=\"noopener\">r\u00e8glements g\u00e9n\u00e9raux section IV<\/a>)<\/p><p>Il y a quatre postes de gestion: la pr\u00e9sidence, la vice-pr\u00e9sidence, le secr\u00e9tariat et la tr\u00e9sorerie. Les autres membres du conseil d&#8217;administration sont des administrateurs.administratrices sans titre particulier.<\/p><p>Le conseil d&#8217;administration (CA) tient entre 6 et 12 r\u00e9unions par ann\u00e9e et chaque r\u00e9union dure environ deux heures. Lors de ces r\u00e9unions, les membres du CA discutent des sujets d&#8217;int\u00e9r\u00eats importants pour l&#8217;organisme et prennent des d\u00e9cisions adopt\u00e9es \u00e0 la majorit\u00e9 et exprim\u00e9es en r\u00e9solution. Action Saint-Fran\u00e7ois est actuellement \u00e0 la recherche de personnes int\u00e9ress\u00e9es \u00e0 s&#8217;impliquer dans le CA. Nous aimerions avoir comme candidats des personnes proactives, motiv\u00e9es et disponibles. Si vous \u00eates int\u00e9ress\u00e9s faites-le nous savoir.<\/p>\t\t\t\t\t\t\t\t<\/div>\n\t\t\t\t<\/div>\n\t\t\t\t\t<\/div>\n\t\t<\/div>\n\t\t\t\t\t<\/div>\n\t\t<\/section>\n\t\t\t\t<section class=\"elementor-section elementor-top-section elementor-element elementor-element-40c3100 elementor-section-full_width elementor-section-stretched elementor-section-height-default elementor-section-height-default\" data-id=\"40c3100\" data-element_type=\"section\" data-e-type=\"section\" data-settings=\"{&quot;stretch_section&quot;:&quot;section-stretched&quot;}\">\n\t\t\t\t\t\t<div class=\"elementor-container elementor-column-gap-default\">\n\t\t\t\t\t<div class=\"elementor-column elementor-col-100 elementor-top-column elementor-element elementor-element-1542ea6\" data-id=\"1542ea6\" data-element_type=\"column\" data-e-type=\"column\">\n\t\t\t<div class=\"elementor-widget-wrap elementor-element-populated\">\n\t\t\t\t\t\t<div class=\"elementor-element elementor-element-479efad elementor-widget elementor-widget-heading\" data-id=\"479efad\" data-element_type=\"widget\" data-e-type=\"widget\" data-widget_type=\"heading.default\">\n\t\t\t\t<div class=\"elementor-widget-container\">\n\t\t\t\t\t<h2 class=\"elementor-heading-title elementor-size-default\">POLITIQUE DE CONFIDENTIALIT\u00c9<\/h2>\t\t\t\t<\/div>\n\t\t\t\t<\/div>\n\t\t\t\t\t<\/div>\n\t\t<\/div>\n\t\t\t\t\t<\/div>\n\t\t<\/section>\n\t\t\t\t<section class=\"elementor-section elementor-top-section elementor-element elementor-element-6300ca8 elementor-section-full_width elementor-section-stretched elementor-section-height-default elementor-section-height-default\" data-id=\"6300ca8\" data-element_type=\"section\" data-e-type=\"section\" data-settings=\"{&quot;stretch_section&quot;:&quot;section-stretched&quot;}\">\n\t\t\t\t\t\t<div class=\"elementor-container elementor-column-gap-wide\">\n\t\t\t\t\t<div class=\"elementor-column elementor-col-50 elementor-top-column elementor-element elementor-element-a3ab06e\" data-id=\"a3ab06e\" data-element_type=\"column\" data-e-type=\"column\">\n\t\t\t<div class=\"elementor-widget-wrap elementor-element-populated\">\n\t\t\t\t\t\t<div class=\"elementor-element elementor-element-0129ae6 elementor-widget elementor-widget-text-editor\" data-id=\"0129ae6\" data-element_type=\"widget\" data-e-type=\"widget\" data-widget_type=\"text-editor.default\">\n\t\t\t\t<div class=\"elementor-widget-container\">\n\t\t\t\t\t\t\t\t\t<p><strong>POLITIQUE DE CONFIDENTIALIT\u00c9<\/strong><\/p><p>La Politique d\u00e9finit la mani\u00e8re dont Action Saint-Fran\u00e7ois recueille, utilise et prot\u00e8ge les renseignements fournis volontairement par les b\u00e9n\u00e9voles et les membres d\u2019Action Saint-Fran\u00e7ois ainsi que les utilisateurs de son site. La pr\u00e9sente Politique s\u2019applique \u00e0 l\u2019ensemble du site https:\/\/asf-estrie.org\/ ainsi qu\u2019aux activit\u00e9s d\u2019Action Saint-Fran\u00e7ois. La Politique explique \u00e9galement comment r\u00e9viser ou mettre \u00e0 jour vos renseignements personnels et de quelle fa\u00e7on communiquer avec Action Saint-Fran\u00e7ois si vous avez des questions, suggestions ou commentaires. Nous vous recommandons de lire attentivement notre Politique et de la consulter r\u00e9guli\u00e8rement.<\/p><p><strong>RENSEIGNEMENTS PERSONNELS<\/strong><\/p><p>En plus des renseignements personnels recueillis automatiquement lors de votre navigation sur le site https:\/\/asf-estrie.org\/, Action Saint-Fran\u00e7ois recueille \u00e9galement certains de vos renseignements personnels lorsque vous participez aux activit\u00e9s d\u2019Action Saint-Fran\u00e7ois, que vous faites un don ou que vous devenez membre, tel que plus amplement d\u00e9crit aux pr\u00e9sentes.<\/p><p><strong>RENSEIGNEMENTS PERSONNELS RECUEILLIS PAR ACTION SAINT-FRAN\u00c7OIS<\/strong><\/p><p>Participation \u00e0 une activit\u00e9 d\u2019Action Saint-Fran\u00e7ois\u00a0:<\/p><p>La participation \u00e0 une activit\u00e9 de nettoyage ou de plantation d\u2019Action Saint-Fran\u00e7ois n\u00e9cessite que vous fournissiez \u00e0 Action Saint-Fran\u00e7ois les renseignements suivants\u00a0:<\/p><ul><li>vos pr\u00e9nom et nom;<\/li><li>votre adresse de courriel;<\/li><li>votre num\u00e9ro de t\u00e9l\u00e9phone.<\/li><\/ul><p><strong>ABONNEMENT \u00c0 L\u2019INFOLETTRE ET \u00caTRE MEMBRE D\u2019ACTION SAINT-FRAN\u00c7OIS <\/strong><\/p><p>L\u2019abonnement \u00e0 l\u2019infolettre d\u2019Action Saint-Fran\u00e7ois n\u00e9cessite que vous consentiez \u00e0 fournir et que vous fournissiez \u00e0 Action Saint-Fran\u00e7ois vos pr\u00e9nom et nom, votre num\u00e9ro de t\u00e9l\u00e9phone, votre adresse courriel et\/ou votre adresse postale compl\u00e8te afin que l\u2019infolettre vous soit achemin\u00e9e et que nous puissions communiquer avec vous. Il vous sera possible de vous d\u00e9sabonner de l\u2019infolettre en tout temps en cliquant sur le lien appropri\u00e9 dans l\u2019un des courriels de l\u2019infolettre. Pour \u00eatre retir\u00e9 de notre liste de membres, vous pouvez communiquer avec Marie-\u00c8ve Benoit \u00e0 <a href=\"mailto:asf@asf-estrie.org\">asf@asf-estrie.org<\/a> ou au <a href=\"https:\/\/www.google.com\/search?q=action%2Bsaint-fran%C3%A7ois&amp;oq=action%2Bsaint-fran%C3%A7ois&amp;aqs=chrome.0.0i355i512j46i175i199i512j0i22i30l3j69i60j69i65j69i61.5944j1j7&amp;sourceid=chrome&amp;ie=UTF-8\">819\u00a0563-5362.<\/a><\/p>\t\t\t\t\t\t\t\t<\/div>\n\t\t\t\t<\/div>\n\t\t\t\t\t<\/div>\n\t\t<\/div>\n\t\t\t\t<div class=\"elementor-column elementor-col-50 elementor-top-column elementor-element elementor-element-6dd7b5e\" data-id=\"6dd7b5e\" data-element_type=\"column\" data-e-type=\"column\">\n\t\t\t<div class=\"elementor-widget-wrap elementor-element-populated\">\n\t\t\t\t\t\t<div class=\"elementor-element elementor-element-e6611ff elementor-widget elementor-widget-text-editor\" data-id=\"e6611ff\" data-element_type=\"widget\" data-e-type=\"widget\" data-widget_type=\"text-editor.default\">\n\t\t\t\t<div class=\"elementor-widget-container\">\n\t\t\t\t\t\t\t\t\t<p><strong>INFORMATIONS DE PAIEMENT<\/strong><\/p>\n<p>Toutes les informations de paiements fournies \u00e0 Action Saint-Fran\u00e7ois pour fins de paiements ne sont utilis\u00e9es qu\u2019\u00e0 cette fin.<\/p>\n<p>Action Saint-Fran\u00e7ois travaille en partenariat avec d\u2019autres soci\u00e9t\u00e9s (comme Zeffy) pour le traitement et la r\u00e9ception des paiements. Les informations que vous soumettez sont collect\u00e9es et utilis\u00e9es par eux conform\u00e9ment \u00e0 leurs politiques de confidentialit\u00e9 et aux lois fiscales.&nbsp;<\/p>\n<p><strong>AUTRES RENSEIGNEMENTS RECUEILLIS AUTOMATIQUEMENT<\/strong><\/p>\n<p>D\u00e8s que vous acc\u00e9dez au site d\u2019Action Saint-Fran\u00e7ois, un \u00e9change de renseignements s\u2019effectue automatiquement entre l\u2019ordinateur que vous utilisez, le serveur du site, et les serveurs d\u2019AT Internet, une tierce partie charg\u00e9e de la production des statistiques de fr\u00e9quentation du site.<\/p>\n<p><strong>Les renseignements \u00e9chang\u00e9s comprennent&nbsp;<\/strong>:<\/p>\n<ul>\n<li>le nom de domaine de votre fournisseur d\u2019acc\u00e8s \u00e0 Internet et votre adresse IP;<\/li>\n<li>le type de navigateur et de syst\u00e8me d\u2019exploitation utilis\u00e9s pour acc\u00e9der au site;<\/li>\n<li>la date et l\u2019heure de votre acc\u00e8s au site;<\/li>\n<li>les pages du site que vous visitez;<\/li>\n<li>l\u2019adresse du site Web d\u2019o\u00f9 vous provenez.<\/li>\n<li>Les donn\u00e9es GPS mobiles : ville ou r\u00e9gion et pays.<\/li>\n<\/ul>\n<p>Cet \u00e9change de renseignements est n\u00e9cessaire au bon fonctionnement du site. Les renseignements sont conserv\u00e9s \u00e0 des fins statistiques, notamment pour comptabiliser le nombre de visiteurs, les pages les plus fr\u00e9quent\u00e9es et la technologie utilis\u00e9e par les internautes. Ils sont \u00e9galement conserv\u00e9s dans des journaux de donn\u00e9es pour des raisons de s\u00e9curit\u00e9 du site et de production de statistiques de fr\u00e9quentation du site. Les renseignements contenus dans les journaux de donn\u00e9es du site peuvent \u00eatre communiqu\u00e9s \u00e0 des tiers en cas de v\u00e9rifications de s\u00e9curit\u00e9 ou d\u2019enqu\u00eates en application de la loi. Ils ne sont utilis\u00e9s \u00e0 aucune autre fin.<\/p><p><br><\/p>\n<p><br><\/p>\n<p><br><\/p>\t\t\t\t\t\t\t\t<\/div>\n\t\t\t\t<\/div>\n\t\t\t\t\t<\/div>\n\t\t<\/div>\n\t\t\t\t\t<\/div>\n\t\t<\/section>\n\t\t\t\t<\/div>\n\t\t","protected":false},"excerpt":{"rendered":"<p>COMMUNAUT\u00c9 DE MEMBRES ASSEMBL\u00c9E G\u00c9N\u00c9RALE R\u00c9UNIONS DU CONSEIL D&#8217;ADMINISTRATION VIE ASSOCIATIVE COMMUNAUT\u00c9 DE MEMBRES Action Saint-Fran\u00e7ois est un organisme \u00e0 but non-lucratif (OBNL) et comme tous les OBNL, la participation [&hellip;]<\/p>\n","protected":false},"author":1,"featured_media":0,"parent":0,"menu_order":0,"comment_status":"closed","ping_status":"closed","template":"","meta":{"ocean_post_layout":"","ocean_both_sidebars_style":"","ocean_both_sidebars_content_width":0,"ocean_both_sidebars_sidebars_width":0,"ocean_sidebar":"","ocean_second_sidebar":"","ocean_disable_margins":"enable","ocean_add_body_class":"","ocean_shortcode_before_top_bar":"","ocean_shortcode_after_top_bar":"","ocean_shortcode_before_header":"","ocean_shortcode_after_header":"","ocean_has_shortcode":"","ocean_shortcode_after_title":"","ocean_shortcode_before_footer_widgets":"","ocean_shortcode_after_footer_widgets":"","ocean_shortcode_before_footer_bottom":"","ocean_shortcode_after_footer_bottom":"","ocean_display_top_bar":"default","ocean_display_header":"default","ocean_header_style":"","ocean_center_header_left_menu":"","ocean_custom_header_template":"","ocean_custom_logo":0,"ocean_custom_retina_logo":0,"ocean_custom_logo_max_width":0,"ocean_custom_logo_tablet_max_width":0,"ocean_custom_logo_mobile_max_width":0,"ocean_custom_logo_max_height":0,"ocean_custom_logo_tablet_max_height":0,"ocean_custom_logo_mobile_max_height":0,"ocean_header_custom_menu":"","ocean_menu_typo_font_family":"","ocean_menu_typo_font_subset":"","ocean_menu_typo_font_size":0,"ocean_menu_typo_font_size_tablet":0,"ocean_menu_typo_font_size_mobile":0,"ocean_menu_typo_font_size_unit":"px","ocean_menu_typo_font_weight":"","ocean_menu_typo_font_weight_tablet":"","ocean_menu_typo_font_weight_mobile":"","ocean_menu_typo_transform":"","ocean_menu_typo_transform_tablet":"","ocean_menu_typo_transform_mobile":"","ocean_menu_typo_line_height":0,"ocean_menu_typo_line_height_tablet":0,"ocean_menu_typo_line_height_mobile":0,"ocean_menu_typo_line_height_unit":"","ocean_menu_typo_spacing":0,"ocean_menu_typo_spacing_tablet":0,"ocean_menu_typo_spacing_mobile":0,"ocean_menu_typo_spacing_unit":"","ocean_menu_link_color":"","ocean_menu_link_color_hover":"","ocean_menu_link_color_active":"","ocean_menu_link_background":"","ocean_menu_link_hover_background":"","ocean_menu_link_active_background":"","ocean_menu_social_links_bg":"","ocean_menu_social_hover_links_bg":"","ocean_menu_social_links_color":"","ocean_menu_social_hover_links_color":"","ocean_disable_title":"default","ocean_disable_heading":"default","ocean_post_title":"","ocean_post_subheading":"","ocean_post_title_style":"","ocean_post_title_background_color":"","ocean_post_title_background":0,"ocean_post_title_bg_image_position":"","ocean_post_title_bg_image_attachment":"","ocean_post_title_bg_image_repeat":"","ocean_post_title_bg_image_size":"","ocean_post_title_height":0,"ocean_post_title_bg_overlay":0.5,"ocean_post_title_bg_overlay_color":"","ocean_disable_breadcrumbs":"default","ocean_breadcrumbs_color":"","ocean_breadcrumbs_separator_color":"","ocean_breadcrumbs_links_color":"","ocean_breadcrumbs_links_hover_color":"","ocean_display_footer_widgets":"default","ocean_display_footer_bottom":"default","ocean_custom_footer_template":"","footnotes":""},"class_list":["post-8428","page","type-page","status-publish","hentry","entry"],"_links":{"self":[{"href":"https:\/\/asf-estrie.org\/en\/wp-json\/wp\/v2\/pages\/8428","targetHints":{"allow":["GET"]}}],"collection":[{"href":"https:\/\/asf-estrie.org\/en\/wp-json\/wp\/v2\/pages"}],"about":[{"href":"https:\/\/asf-estrie.org\/en\/wp-json\/wp\/v2\/types\/page"}],"author":[{"embeddable":true,"href":"https:\/\/asf-estrie.org\/en\/wp-json\/wp\/v2\/users\/1"}],"replies":[{"embeddable":true,"href":"https:\/\/asf-estrie.org\/en\/wp-json\/wp\/v2\/comments?post=8428"}],"version-history":[{"count":1,"href":"https:\/\/asf-estrie.org\/en\/wp-json\/wp\/v2\/pages\/8428\/revisions"}],"predecessor-version":[{"id":9063,"href":"https:\/\/asf-estrie.org\/en\/wp-json\/wp\/v2\/pages\/8428\/revisions\/9063"}],"wp:attachment":[{"href":"https:\/\/asf-estrie.org\/en\/wp-json\/wp\/v2\/media?parent=8428"}],"curies":[{"name":"wp","href":"https:\/\/api.w.org\/{rel}","templated":true}]}}