{"id":8411,"date":"2018-01-09T16:00:54","date_gmt":"2018-01-09T21:00:54","guid":{"rendered":"https:\/\/asf-estrie.org\/reglements-generaux\/"},"modified":"2018-01-09T16:00:54","modified_gmt":"2018-01-09T21:00:54","slug":"reglements-generaux","status":"publish","type":"page","link":"https:\/\/asf-estrie.org\/en\/reglements-generaux\/","title":{"rendered":"R\u00e8glements g\u00e9n\u00e9raux"},"content":{"rendered":"\t\t<div data-elementor-type=\"wp-post\" data-elementor-id=\"8411\" class=\"elementor elementor-8411 elementor-157\" data-elementor-post-type=\"page\">\n\t\t\t\t\t\t<section class=\"elementor-section elementor-top-section elementor-element elementor-element-a0aabc8 elementor-section-stretched elementor-section-full_width elementor-section-height-default elementor-section-height-default\" data-id=\"a0aabc8\" data-element_type=\"section\" data-e-type=\"section\" data-settings=\"{&quot;stretch_section&quot;:&quot;section-stretched&quot;,&quot;background_background&quot;:&quot;classic&quot;}\">\n\t\t\t\t\t\t<div class=\"elementor-container elementor-column-gap-default\">\n\t\t\t\t\t<div class=\"elementor-column elementor-col-100 elementor-top-column elementor-element elementor-element-db50692\" data-id=\"db50692\" data-element_type=\"column\" data-e-type=\"column\">\n\t\t\t<div class=\"elementor-widget-wrap elementor-element-populated\">\n\t\t\t\t\t\t<div class=\"elementor-element elementor-element-502c45c elementor-widget elementor-widget-image\" data-id=\"502c45c\" data-element_type=\"widget\" data-e-type=\"widget\" data-widget_type=\"image.default\">\n\t\t\t\t<div class=\"elementor-widget-container\">\n\t\t\t\t\t\t\t\t\t\t\t\t<figure class=\"wp-caption\">\n\t\t\t\t\t\t\t\t\t\t<img decoding=\"async\" src=\"https:\/\/asf-estrie.org\/wp-content\/uploads\/elementor\/thumbs\/spring-276014_1920-p5t7x38rdt96uy9wzmgt0ly5rwvzr7dtrc1tw6x6y8.jpg\" title=\"spring-276014_1920\" alt=\"spring-276014_1920\" loading=\"lazy\" \/>\t\t\t\t\t\t\t\t\t\t\t<figcaption class=\"widget-image-caption wp-caption-text\">R\u00c8GLEMENTS G\u00c9N\u00c9RAUX<\/figcaption>\n\t\t\t\t\t\t\t\t\t\t<\/figure>\n\t\t\t\t\t\t\t\t\t<\/div>\n\t\t\t\t<\/div>\n\t\t\t\t\t<\/div>\n\t\t<\/div>\n\t\t\t\t\t<\/div>\n\t\t<\/section>\n\t\t\t\t<section class=\"elementor-section elementor-top-section elementor-element elementor-element-ed32988 elementor-section-stretched elementor-section-full_width elementor-section-height-default elementor-section-height-default\" data-id=\"ed32988\" data-element_type=\"section\" data-e-type=\"section\" data-settings=\"{&quot;stretch_section&quot;:&quot;section-stretched&quot;,&quot;background_background&quot;:&quot;classic&quot;}\">\n\t\t\t\t\t\t<div class=\"elementor-container elementor-column-gap-default\">\n\t\t\t\t\t<div class=\"elementor-column elementor-col-100 elementor-top-column elementor-element elementor-element-9836547\" data-id=\"9836547\" data-element_type=\"column\" data-e-type=\"column\">\n\t\t\t<div class=\"elementor-widget-wrap elementor-element-populated\">\n\t\t\t\t\t\t<div class=\"elementor-element elementor-element-281cb5c elementor-widget elementor-widget-text-editor\" data-id=\"281cb5c\" data-element_type=\"widget\" data-e-type=\"widget\" data-widget_type=\"text-editor.default\">\n\t\t\t\t<div class=\"elementor-widget-container\">\n\t\t\t\t\t\t\t\t\t<h4><strong>LES R\u00c8GLEMENTS G\u00c9N\u00c9RAUX \u00c0 ACTION SAINT-FRAN\u00c7OIS\u00a0<\/strong><\/h4><p><strong>Tels qu\u2019amend\u00e9s \u00e0 l\u2019assembl\u00e9e g\u00e9n\u00e9rale annuelle du 22 f\u00e9vrier 2011.<\/strong><\/p>\t\t\t\t\t\t\t\t<\/div>\n\t\t\t\t<\/div>\n\t\t\t\t\t<\/div>\n\t\t<\/div>\n\t\t\t\t\t<\/div>\n\t\t<\/section>\n\t\t\t\t<section class=\"elementor-section elementor-top-section elementor-element elementor-element-7f88ba4 elementor-section-stretched elementor-section-full_width elementor-section-height-default elementor-section-height-default\" data-id=\"7f88ba4\" data-element_type=\"section\" data-e-type=\"section\" data-settings=\"{&quot;stretch_section&quot;:&quot;section-stretched&quot;,&quot;background_background&quot;:&quot;classic&quot;}\">\n\t\t\t\t\t\t<div class=\"elementor-container elementor-column-gap-default\">\n\t\t\t\t\t<div class=\"elementor-column elementor-col-33 elementor-top-column elementor-element elementor-element-d48b1ed\" data-id=\"d48b1ed\" data-element_type=\"column\" data-e-type=\"column\">\n\t\t\t<div class=\"elementor-widget-wrap elementor-element-populated\">\n\t\t\t\t\t\t<div class=\"elementor-element elementor-element-10907b0 elementor-widget elementor-widget-text-editor\" data-id=\"10907b0\" data-element_type=\"widget\" data-e-type=\"widget\" data-widget_type=\"text-editor.default\">\n\t\t\t\t<div class=\"elementor-widget-container\">\n\t\t\t\t\t\t\t\t\t<h4><strong>Section I\u00a0: Dispositions g\u00e9n\u00e9rales<\/strong><\/h4><ol><li><strong> Si\u00e8ge social<\/strong><\/li><\/ol><p>Le si\u00e8ge social d\u2019Action Saint-Fran\u00e7ois est situ\u00e9 dans le bassin versant de la rivi\u00e8re Saint-Fran\u00e7ois.<\/p><ol start=\"2\"><li><strong> Logo de la corporation<\/strong><\/li><\/ol><p>La corporation est repr\u00e9sent\u00e9e par un logo.<\/p><h4><strong>Section II\u00a0: Les membres<\/strong><\/h4><ol><li><strong> Classes de membres<\/strong><\/li><\/ol><p>Action Saint-Fran\u00e7ois est compos\u00e9 de trois classes de membres : les membres r\u00e9guliers, les membres corporatifs et les membres fondateurs. Il existe deux sous-cat\u00e9gories de membres corporatifs\u00a0: celle reli\u00e9e aux entreprises et celle reli\u00e9e aux organismes sans but lucratif. Le montant \u00e0 payer pour devenir membres r\u00e9guliers est de 30$, celui pour les membres corporatifs\/organismes sans but lucratif est de 50$ et celui pour les membres corporatifs\/entreprises est de 150$. Les membres fondateurs sont membres \u00e0 vie, ils n\u2019ont donc pas de part de cotisation \u00e0 verser. Le conseil d\u2019administration (CA) peut ajouter d\u2019autres cat\u00e9gories de membres lorsqu\u2019il le jugera opportun.<\/p><ol start=\"2\"><li><strong> Membres <\/strong><\/li><\/ol><p>Toute personne est membre apr\u00e8s avoir pay\u00e9 sa cotisation. D\u2019autres conditions d\u2019admission des membres que celles pr\u00e9vues au point 1 peuvent \u00eatre adopt\u00e9es par r\u00e9solution du CA.<\/p><ol start=\"3\"><li><strong> Membres fondateurs<\/strong><\/li><\/ol><p>Marie-Jos\u00e9e Laurin, Guy Th\u00e9berge, William Lucy, Mansoor Danis, Andr\u00e9e Bourassa et Michelle Salvail sont nomm\u00e9s membres fondateurs et sont membres \u00e0 vie sans obligation de cotisation.<\/p><ol start=\"4\"><li><strong> Cotisation des membres<\/strong><\/li><\/ol><p>Les membres doivent cotiser annuellement \u00e0 la corporation Action Saint-Fran\u00e7ois. Le montant de la cotisation est d\u00e9termin\u00e9 par r\u00e9solution du CA.<\/p><p>Une fois \u00e9lu au CA, un membre n\u2019est pas tenu de renouveler sa cotisation annuelle pendant la dur\u00e9e de son mandat.<\/p><ol start=\"5\"><li><strong> Journal d\u2019Action Saint-Fran\u00e7ois<\/strong><\/li><\/ol><p>Tout membre ayant signifi\u00e9 sa volont\u00e9 de recevoir le journal d\u2019Action Saint-Fran\u00e7ois re\u00e7oit ledit journal au moins deux fois durant une ann\u00e9e de cotisation. Le journal rel\u00e8ve de la responsabilit\u00e9 d\u2019un comit\u00e9 devant \u00eatre form\u00e9 par le CA.<\/p><ol start=\"6\"><li><strong> Suspension et expulsion<\/strong><\/li><\/ol><p>Le CA peut suspendre, pour une p\u00e9riode qu\u2019il d\u00e9terminera, tout membre qui enfreint les dispositions des r\u00e8glements ou dont la conduite est jug\u00e9e nuisible \u00e0 la corporation. Le membre expuls\u00e9 peut faire appel de la d\u00e9cision en conformit\u00e9 avec les dispositions du code d\u2019\u00e9thique.<\/p><h4><strong>Section III\u00a0: Les assembl\u00e9es des membres<\/strong><\/h4><ol><li><strong> Assembl\u00e9e g\u00e9n\u00e9rale annuelle<\/strong><\/li><\/ol><p>L\u2019assembl\u00e9e g\u00e9n\u00e9rale annuelle des membres a lieu avant l\u2019expiration des quatre mois suivant le 31 d\u00e9cembre<em>,<\/em> \u00e0 une date fix\u00e9e par le CA.<\/p><ol start=\"2\"><li><strong> Assembl\u00e9e sp\u00e9ciale (ou extraordinaire)<\/strong><\/li><\/ol><p>Le CA peut convoquer une assembl\u00e9e sp\u00e9ciale des membres s\u2019il le juge n\u00e9cessaire.<\/p><p>Le CA doit convoquer une assembl\u00e9e sp\u00e9ciale si un membre en fait une demande \u00e9crite, indiquant le but et l\u2019objet devant \u00eatre trait\u00e9s. Cette demande doit \u00eatre appuy\u00e9e et sign\u00e9e par au moins le dixi\u00e8me des membres en r\u00e8gle dans les 8 jours suivant le d\u00e9p\u00f4t de la demande \u00e9crite au si\u00e8ge social d\u2019Action Saint-Fran\u00e7ois.<\/p><p>\u00c0 d\u00e9faut, les signataires de la demande \u00e9crite peuvent la convoquer dans les 21 jours suivant le d\u00e9p\u00f4t de la demande au si\u00e8ge social.<\/p><ol start=\"3\"><li><strong> Avis de convocation<\/strong><\/li><\/ol><p>Toute assembl\u00e9e des membres est convoqu\u00e9e au moyen d\u2019un avis indiquant la date, l\u2019heure, l\u2019endroit et les objets de l\u2019assembl\u00e9e.<\/p><p>Tout avis de convocation des membres pour une assembl\u00e9e g\u00e9n\u00e9rale annuelle ou une assembl\u00e9e sp\u00e9ciale doit \u00eatre publi\u00e9 par lettre postale, courriel \u00e9lectronique ou dans le journal d\u2019Action Saint-Fran\u00e7ois avec un d\u00e9lai d\u2019au moins une semaine<em>.<\/em> En cas d\u2019urgence, le d\u00e9lai est de 48 heures. L\u2019avis de convocation pour toute assembl\u00e9e des membres doit \u00eatre publi\u00e9 dans au moins un journal francophone et un journal anglophone diffus\u00e9s sur le territoire du bassin versant de la rivi\u00e8re Saint-Fran\u00e7ois, et ce, dans un d\u00e9lai d\u2019au moins une semaine et, en cas d\u2019urgence, dans un d\u00e9lai de 48 heures.<\/p><ol start=\"4\"><li><strong>Quorum<\/strong><\/li><\/ol><p>Le quorum pour toute assembl\u00e9e g\u00e9n\u00e9rale des membres est de 6 membres.<\/p><p>Aucune affaire ne peut \u00eatre transig\u00e9e \u00e0 une assembl\u00e9e sans le quorum requis d\u00e8s l\u2019ouverture.<\/p>\t\t\t\t\t\t\t\t<\/div>\n\t\t\t\t<\/div>\n\t\t\t\t\t<\/div>\n\t\t<\/div>\n\t\t\t\t<div class=\"elementor-column elementor-col-33 elementor-top-column elementor-element elementor-element-9ce6d5c\" data-id=\"9ce6d5c\" data-element_type=\"column\" data-e-type=\"column\">\n\t\t\t<div class=\"elementor-widget-wrap elementor-element-populated\">\n\t\t\t\t\t\t<div class=\"elementor-element elementor-element-34c63f7 elementor-widget elementor-widget-text-editor\" data-id=\"34c63f7\" data-element_type=\"widget\" data-e-type=\"widget\" data-widget_type=\"text-editor.default\">\n\t\t\t\t<div class=\"elementor-widget-container\">\n\t\t\t\t\t\t\t\t\t<p>5<strong>. Vote<\/strong><\/p><p>\u00c0 toute assembl\u00e9e, seuls les membres ont droit de vote.<\/p><p>Chaque membre, lors d\u2019une assembl\u00e9e, a droit \u00e0 un seul vote. Les votes par procuration ou par fond\u00e9 de pouvoir ne sont pas valides.<\/p><p>Aux assembl\u00e9es, les voix se prennent par vote ouvert sauf si au moins 10 membres d\u00e9sirent que le vote se fasse par scrutin secret.<\/p><p>Les propositions soumises sont d\u00e9cid\u00e9es \u00e0 la majorit\u00e9 des voix des membres pr\u00e9sents. En cas d\u2019\u00e9galit\u00e9 des voix, le pr\u00e9sident demande aux parties de d\u00e9signer un repr\u00e9sentant et \u00e0 l\u2019assembl\u00e9e d\u2019allouer un temps \u00e9gal, n\u2019exc\u00e9dant pas une demi-heure, afin de permettre aux parties de d\u00e9fendre leurs points de vue.<\/p><p>Apr\u00e8s le d\u00e9bat faisant suite \u00e0 l\u2019\u00e9galit\u00e9 des voix, le pr\u00e9sident alloue aux membres un temps de questions destin\u00e9es aux repr\u00e9sentants des deux parties.<\/p><p>Si, \u00e0 la suite de la proc\u00e9dure pr\u00e9vue en cas d\u2019\u00e9galit\u00e9 des voix, la question ne remporte pas une majorit\u00e9, un vote ouvert par les membres du CA en d\u00e9cide.<\/p><p>6<strong>. Pr\u00e9sident d\u2019assembl\u00e9e<\/strong><\/p><p>Le pr\u00e9sident du CA peut, s\u2019il le d\u00e9sire, pr\u00e9sider l\u2019assembl\u00e9e.<\/p><h4><strong>Section IV\u00a0: Le conseil d\u2019administration<\/strong><\/h4><ol><li><strong> Nombre d\u2019administrateurs<\/strong><\/li><\/ol><p>Le nombre des administrateurs au CA est de 9, dont un maximum de 2 membres corporatifs. Les administrateurs r\u00e9partissent entre eux les postes au CA.<\/p><ol start=\"2\"><li><strong> Pr\u00e9sident<\/strong><\/li><\/ol><p>Le pr\u00e9sident pr\u00e9side \u00e0 toutes les r\u00e9unions du CA et remplit tous les devoirs inh\u00e9rents \u00e0 sa charge.<\/p><ol start=\"3\"><li><strong> Vice-pr\u00e9sident<\/strong><\/li><\/ol><p>En cas d\u2019absence ou d\u2019incapacit\u00e9 du pr\u00e9sident, le vice-pr\u00e9sident le remplace, exerce ses fonctions et remplit ses devoirs.<\/p><ol start=\"4\"><li><strong> Secr\u00e9taire<\/strong><\/li><\/ol><p>Le secr\u00e9taire assiste \u00e0 toutes les r\u00e9unions du CA et en r\u00e9dige les proc\u00e8s-verbaux. Il remplit toutes les autres fonctions qui lui seront attribu\u00e9es.<\/p><ol start=\"5\"><li><strong> Tr\u00e9sorier<\/strong><\/li><\/ol><p>Le tr\u00e9sorier a la responsabilit\u00e9 de prendre connaissance, au nom du CA, des livres comptables, des relev\u00e9s des biens et des dettes ainsi que des recettes et d\u00e9bours\u00e9s de la corporation.<\/p><ol start=\"6\"><li><strong> Conseillers<\/strong><\/li><\/ol><p>Les conseillers ont la responsabilit\u00e9 de prendre connaissance des affaires de la corporation qui concernent la mission de l\u2019organisme, de prendre des d\u00e9cisions, d\u2019\u00e9laborer et d\u2019assurer la r\u00e9alisation de projets conformes \u00e0 cette mission.<\/p><ol start=\"7\"><li><strong> Dur\u00e9e des fonctions<\/strong><\/li><\/ol><p>Les membres du CA sont en poste pour une dur\u00e9e d&#8217;un an.<\/p><p>Les membres demeurent \u00e9ligibles \u00e0 la fin d\u2019un mandat.<\/p><ol start=\"8\"><li><strong> \u00c9lections<\/strong><\/li><\/ol><p>Les administrateurs sont \u00e9lus lors des assembl\u00e9es g\u00e9n\u00e9rales annuelles pour des mandats d&#8217;un an.<\/p><p>Toute vacance survenant au CA peut \u00eatre remplie par les membres du CA. La nomination \u00e0 un poste vacant est faite par r\u00e9solution pour le reste du terme de l\u2019administrateur ayant quitt\u00e9 ses fonctions.<\/p><ol start=\"9\"><li><strong> \u00c9ligibilit\u00e9<\/strong><\/li><\/ol><p>Tout membre est \u00e9ligible comme membre du CA.<\/p><p>Un maximum de trois employ\u00e9s-membres peuvent si\u00e9ger sur le CA.<\/p><ol start=\"10\"><li><strong> R\u00e9mun\u00e9ration<\/strong><\/li><\/ol><p>Les membres du CA ne sont pas r\u00e9mun\u00e9r\u00e9s pour leurs services.<\/p><ol start=\"11\"><li><strong> Vacance<\/strong><\/li><\/ol><p>Le CA peut remplir une vacance \u00e0 la suite d\u2019un d\u00e9c\u00e8s, d\u2019une r\u00e9signation ou pour toute autre cause, en nommant par r\u00e9solution un membre actif.<\/p><ol start=\"12\"><li><strong> D\u00e9mission<\/strong><\/li><\/ol><p>Un membre du CA peut d\u00e9missionner en adressant un avis au secr\u00e9taire du CA. La d\u00e9mission n\u2019est valable qu\u2019une fois accept\u00e9e par le CA et prend effet le 30<sup>e<\/sup> jour suivant cette acceptation.<\/p>\t\t\t\t\t\t\t\t<\/div>\n\t\t\t\t<\/div>\n\t\t\t\t<div class=\"elementor-element elementor-element-88d855c elementor-widget elementor-widget-image\" data-id=\"88d855c\" data-element_type=\"widget\" data-e-type=\"widget\" data-widget_type=\"image.default\">\n\t\t\t\t<div class=\"elementor-widget-container\">\n\t\t\t\t\t\t\t\t\t\t\t\t<figure class=\"wp-caption\">\n\t\t\t\t\t\t\t\t\t\t<img decoding=\"async\" src=\"https:\/\/asf-estrie.org\/wp-content\/uploads\/elementor\/thumbs\/ice-cubes-3506781_1920-p5t7x38jtwt4cf6hhsvf7nsckptc55s5ld6u8yubp4.jpg\" title=\"ice-cubes-3506781_1920\" alt=\"ice-cubes-3506781_1920\" loading=\"lazy\" \/>\t\t\t\t\t\t\t\t\t\t\t<figcaption class=\"widget-image-caption wp-caption-text\">Besoin de rafraichissement?<\/figcaption>\n\t\t\t\t\t\t\t\t\t\t<\/figure>\n\t\t\t\t\t\t\t\t\t<\/div>\n\t\t\t\t<\/div>\n\t\t\t\t\t<\/div>\n\t\t<\/div>\n\t\t\t\t<div class=\"elementor-column elementor-col-33 elementor-top-column elementor-element elementor-element-bc3d082\" data-id=\"bc3d082\" data-element_type=\"column\" data-e-type=\"column\">\n\t\t\t<div class=\"elementor-widget-wrap elementor-element-populated\">\n\t\t\t\t\t\t<div class=\"elementor-element elementor-element-f9b8ec0 elementor-widget elementor-widget-text-editor\" data-id=\"f9b8ec0\" data-element_type=\"widget\" data-e-type=\"widget\" data-widget_type=\"text-editor.default\">\n\t\t\t\t<div class=\"elementor-widget-container\">\n\t\t\t\t\t\t\t\t\t<h4><strong>Section V\u00a0: Les r\u00e9unions du CA<\/strong><\/h4><ol><li><strong> Fr\u00e9quence des r\u00e9unions<\/strong><\/li><\/ol><p>Le CA se r\u00e9unit normalement une fois par mois. La premi\u00e8re r\u00e9union apr\u00e8s l\u2019assembl\u00e9e g\u00e9n\u00e9rale est fix\u00e9e par le CA apr\u00e8s l\u2019\u00e9lection des nouveaux membres. Par la suite, les dates et heures des r\u00e9unions sont d\u00e9cid\u00e9es \u00e0 la fin de chaque r\u00e9union.<\/p><ol start=\"2\"><li><strong> Convocation<\/strong><\/li><\/ol><p>La r\u00e9union d\u2019un CA est convoqu\u00e9e par le secr\u00e9taire dans un d\u00e9lai convenable.<\/p><ol start=\"3\"><li><strong> Quorum et vote<\/strong><\/li><\/ol><p>Le quorum de toute r\u00e9union du CA est constitu\u00e9 par quatre membres.<\/p><p>Toutes les questions soumises, sauf celles faisant l\u2019objet de r\u00e8glements particuliers, sont d\u00e9cid\u00e9es \u00e0 la majorit\u00e9 des voix.<\/p><p>Chaque membre du CA, y compris le pr\u00e9sident, a droit \u00e0 un seul vote.<\/p><ol start=\"4\"><li><strong> R\u00f4les du CA<\/strong><\/li><\/ol><p>Le CA convoque l\u2019assembl\u00e9e g\u00e9n\u00e9rale annuelle.<\/p><p>Le CA doit soumettre \u00e0 l\u2019assembl\u00e9e g\u00e9n\u00e9rale un bilan financier se terminant le 31 d\u00e9cembre.<\/p><p>Le CA pr\u00e9pare pour l\u2019assembl\u00e9e g\u00e9n\u00e9rale un rapport des activit\u00e9s de l\u2019ann\u00e9e \u00e9coul\u00e9e et un plan d\u2019action pour l\u2019ann\u00e9e qui vient.<\/p><p>Le bilan annuel pr\u00e9sent\u00e9 aux membres doit, au minimum, \u00e9noncer les items stipul\u00e9s \u00e0 l\u2019article 98- alin\u00e9a 3 de la Loi sur les compagnies du Qu\u00e9bec.<\/p><ol start=\"5\"><li><strong> Pouvoirs du CA<\/strong><\/li><\/ol><p>Le CA peut \u00e9laborer et adopter des r\u00e8glements portant sur les sujets suivants\u00a0:<\/p><ol><li>La localisation du si\u00e8ge social<\/li><li>Les cat\u00e9gories de membres<\/li><li>Les conditions d\u2019admission des membres<\/li><li>Le taux annuel de cotisation des membres<\/li><li>La formation d\u2019un comit\u00e9 du journal d\u2019Action Saint-Fran\u00e7ois<\/li><li>La fixation du lieu et de la date de l\u2019assembl\u00e9e g\u00e9n\u00e9rale annuelle<\/li><li>L\u2019autorisation \u00e0 des repr\u00e9sentants de recruter des membres<\/li><li>La supervision des employ\u00e9s<\/li><\/ol><h4><strong>Section VI\u00a0: Les livres<\/strong><\/h4><ol><li><strong> Les r\u00e8glements g\u00e9n\u00e9raux<\/strong><\/li><\/ol><p>Le secr\u00e9taire du CA est charg\u00e9 de tenir \u00e0 jour une copie de la charte et des r\u00e8glements g\u00e9n\u00e9raux de la corporation.<\/p><p>Les r\u00e8glements g\u00e9n\u00e9raux peuvent \u00eatre consult\u00e9s par tout membre qui en fait la demande.<\/p><p>Chaque membre du CA doit se familiariser avec les r\u00e8glements g\u00e9n\u00e9raux.<\/p><ol start=\"2\"><li><strong> R\u00e9pertoire des membres<\/strong><\/li><\/ol><p>Le CA doit s\u2019assurer que le r\u00e9pertoire des membres est tenu \u00e0 jour. Ce r\u00e9pertoire permet de conna\u00eetre les noms, adresse, num\u00e9ro de t\u00e9l\u00e9phone de chaque membre ainsi que la date de son adh\u00e9sion et du renouvellement de sa cotisation annuelle.<\/p><p>Le r\u00e9pertoire est ouvert \u00e0 la consultation, au si\u00e8ge social, par tout membre qui en fait une demande au CA incluant les motifs de sa demande.<\/p><p>Le CA a le pouvoir de refuser l\u2019acc\u00e8s au r\u00e9pertoire des membres s\u2019il juge que les motifs de la demande ne sont pas raisonnables ou vont contre les int\u00e9r\u00eats de la corporation ou des membres.<\/p><p>La liste des noms des nouveaux membres est diffus\u00e9e dans le journal d\u2019Action Saint-Fran\u00e7ois, et ce, apr\u00e8s l\u2019autorisation des membres concern\u00e9s.<\/p><ol start=\"3\"><li><strong> Liste des responsables et des employ\u00e9s<\/strong><\/li><\/ol><p>Le CA doit tenir \u00e0 jour une liste comportant l\u2019adresse compl\u00e8te et la dur\u00e9e du mandat de chaque administrateur, employ\u00e9 ou b\u00e9n\u00e9vole accomplissant des t\u00e2ches ou remplissant des mandats pour l\u2019organisme.<\/p><ol start=\"4\"><li><strong> Registre des d\u00e9p\u00f4ts<\/strong><\/li><\/ol><p>Les fonds amass\u00e9s au nom d\u2019Action Saint-Fran\u00e7ois et les d\u00e9p\u00f4ts de la corporation sont confi\u00e9s au tr\u00e9sorier mandat\u00e9 par le CA.<\/p><ol start=\"5\"><li><strong>Livres de comptabilit\u00e9<\/strong><\/li><\/ol><p>La tenue des livres des revenus et d\u00e9penses et les mati\u00e8res s\u2019y rapportant sont confi\u00e9s au tr\u00e9sorier mandat\u00e9 par le CA.<\/p><p>Le registre des dettes, transactions financi\u00e8res et obligations de la corporation sont aussi tenus par le tr\u00e9sorier qui est mandat\u00e9 pour \u00e9tablir le bilan financier annuel devant \u00eatre d\u00e9pos\u00e9 lors de l\u2019assembl\u00e9e g\u00e9n\u00e9rale annuelle.<\/p><ol start=\"6\"><li><strong> Livre des proc\u00e8s-verbaux<\/strong><\/li><\/ol><p>Le secr\u00e9taire du CA a la responsabilit\u00e9 de pr\u00e9parer les proc\u00e8s-verbaux des r\u00e9unions du CA et de les rendre accessibles.<\/p>\t\t\t\t\t\t\t\t<\/div>\n\t\t\t\t<\/div>\n\t\t\t\t\t<\/div>\n\t\t<\/div>\n\t\t\t\t\t<\/div>\n\t\t<\/section>\n\t\t\t\t<\/div>\n\t\t","protected":false},"excerpt":{"rendered":"<p>R\u00c8GLEMENTS G\u00c9N\u00c9RAUX LES R\u00c8GLEMENTS G\u00c9N\u00c9RAUX \u00c0 ACTION SAINT-FRAN\u00c7OIS\u00a0 Tels qu\u2019amend\u00e9s \u00e0 l\u2019assembl\u00e9e g\u00e9n\u00e9rale annuelle du 22 f\u00e9vrier 2011. Section I\u00a0: Dispositions g\u00e9n\u00e9rales Si\u00e8ge social Le si\u00e8ge social d\u2019Action Saint-Fran\u00e7ois est [&hellip;]<\/p>\n","protected":false},"author":1,"featured_media":0,"parent":0,"menu_order":0,"comment_status":"closed","ping_status":"closed","template":"","meta":{"ocean_post_layout":"","ocean_both_sidebars_style":"","ocean_both_sidebars_content_width":0,"ocean_both_sidebars_sidebars_width":0,"ocean_sidebar":"","ocean_second_sidebar":"","ocean_disable_margins":"enable","ocean_add_body_class":"","ocean_shortcode_before_top_bar":"","ocean_shortcode_after_top_bar":"","ocean_shortcode_before_header":"","ocean_shortcode_after_header":"","ocean_has_shortcode":"","ocean_shortcode_after_title":"","ocean_shortcode_before_footer_widgets":"","ocean_shortcode_after_footer_widgets":"","ocean_shortcode_before_footer_bottom":"","ocean_shortcode_after_footer_bottom":"","ocean_display_top_bar":"default","ocean_display_header":"default","ocean_header_style":"","ocean_center_header_left_menu":"","ocean_custom_header_template":"","ocean_custom_logo":0,"ocean_custom_retina_logo":0,"ocean_custom_logo_max_width":0,"ocean_custom_logo_tablet_max_width":0,"ocean_custom_logo_mobile_max_width":0,"ocean_custom_logo_max_height":0,"ocean_custom_logo_tablet_max_height":0,"ocean_custom_logo_mobile_max_height":0,"ocean_header_custom_menu":"","ocean_menu_typo_font_family":"","ocean_menu_typo_font_subset":"","ocean_menu_typo_font_size":0,"ocean_menu_typo_font_size_tablet":0,"ocean_menu_typo_font_size_mobile":0,"ocean_menu_typo_font_size_unit":"px","ocean_menu_typo_font_weight":"","ocean_menu_typo_font_weight_tablet":"","ocean_menu_typo_font_weight_mobile":"","ocean_menu_typo_transform":"","ocean_menu_typo_transform_tablet":"","ocean_menu_typo_transform_mobile":"","ocean_menu_typo_line_height":0,"ocean_menu_typo_line_height_tablet":0,"ocean_menu_typo_line_height_mobile":0,"ocean_menu_typo_line_height_unit":"","ocean_menu_typo_spacing":0,"ocean_menu_typo_spacing_tablet":0,"ocean_menu_typo_spacing_mobile":0,"ocean_menu_typo_spacing_unit":"","ocean_menu_link_color":"","ocean_menu_link_color_hover":"","ocean_menu_link_color_active":"","ocean_menu_link_background":"","ocean_menu_link_hover_background":"","ocean_menu_link_active_background":"","ocean_menu_social_links_bg":"","ocean_menu_social_hover_links_bg":"","ocean_menu_social_links_color":"","ocean_menu_social_hover_links_color":"","ocean_disable_title":"default","ocean_disable_heading":"default","ocean_post_title":"","ocean_post_subheading":"","ocean_post_title_style":"","ocean_post_title_background_color":"","ocean_post_title_background":0,"ocean_post_title_bg_image_position":"","ocean_post_title_bg_image_attachment":"","ocean_post_title_bg_image_repeat":"","ocean_post_title_bg_image_size":"","ocean_post_title_height":0,"ocean_post_title_bg_overlay":0.5,"ocean_post_title_bg_overlay_color":"","ocean_disable_breadcrumbs":"default","ocean_breadcrumbs_color":"","ocean_breadcrumbs_separator_color":"","ocean_breadcrumbs_links_color":"","ocean_breadcrumbs_links_hover_color":"","ocean_display_footer_widgets":"default","ocean_display_footer_bottom":"default","ocean_custom_footer_template":"","footnotes":""},"class_list":["post-8411","page","type-page","status-publish","hentry","entry"],"_links":{"self":[{"href":"https:\/\/asf-estrie.org\/en\/wp-json\/wp\/v2\/pages\/8411","targetHints":{"allow":["GET"]}}],"collection":[{"href":"https:\/\/asf-estrie.org\/en\/wp-json\/wp\/v2\/pages"}],"about":[{"href":"https:\/\/asf-estrie.org\/en\/wp-json\/wp\/v2\/types\/page"}],"author":[{"embeddable":true,"href":"https:\/\/asf-estrie.org\/en\/wp-json\/wp\/v2\/users\/1"}],"replies":[{"embeddable":true,"href":"https:\/\/asf-estrie.org\/en\/wp-json\/wp\/v2\/comments?post=8411"}],"version-history":[{"count":0,"href":"https:\/\/asf-estrie.org\/en\/wp-json\/wp\/v2\/pages\/8411\/revisions"}],"wp:attachment":[{"href":"https:\/\/asf-estrie.org\/en\/wp-json\/wp\/v2\/media?parent=8411"}],"curies":[{"name":"wp","href":"https:\/\/api.w.org\/{rel}","templated":true}]}}