{"id":8393,"date":"2018-01-09T16:21:27","date_gmt":"2018-01-09T21:21:27","guid":{"rendered":"https:\/\/asf-estrie.org\/historique\/"},"modified":"2023-05-12T11:11:47","modified_gmt":"2023-05-12T16:11:47","slug":"historique","status":"publish","type":"page","link":"https:\/\/asf-estrie.org\/en\/historique\/","title":{"rendered":"Our History"},"content":{"rendered":"\t\t<div data-elementor-type=\"wp-post\" data-elementor-id=\"8393\" class=\"elementor elementor-8393 elementor-187\" data-elementor-post-type=\"page\">\n\t\t\t\t\t\t<section class=\"elementor-section elementor-top-section elementor-element elementor-element-2789d70 elementor-section-stretched elementor-section-full_width elementor-section-height-default elementor-section-height-default\" data-id=\"2789d70\" data-element_type=\"section\" data-e-type=\"section\" data-settings=\"{&quot;stretch_section&quot;:&quot;section-stretched&quot;,&quot;background_background&quot;:&quot;classic&quot;}\">\n\t\t\t\t\t\t<div class=\"elementor-container elementor-column-gap-default\">\n\t\t\t\t\t<div class=\"elementor-column elementor-col-100 elementor-top-column elementor-element elementor-element-545519c\" data-id=\"545519c\" data-element_type=\"column\" data-e-type=\"column\">\n\t\t\t<div class=\"elementor-widget-wrap elementor-element-populated\">\n\t\t\t\t\t\t<div class=\"elementor-element elementor-element-32c053c elementor-widget elementor-widget-image\" data-id=\"32c053c\" data-element_type=\"widget\" data-e-type=\"widget\" data-widget_type=\"image.default\">\n\t\t\t\t<div class=\"elementor-widget-container\">\n\t\t\t\t\t\t\t\t\t\t\t\t<figure class=\"wp-caption\">\n\t\t\t\t\t\t\t\t\t\t<img decoding=\"async\" src=\"https:\/\/asf-estrie.org\/wp-content\/uploads\/elementor\/thumbs\/road-1072823_1920-p5t7x38rdt8mecxmnjschi45e2fshben5ujzv8e7wo.jpg\" title=\"road-1072823_1920\" alt=\"road-1072823_1920\" loading=\"lazy\" \/>\t\t\t\t\t\t\t\t\t\t\t<figcaption class=\"widget-image-caption wp-caption-text\">OUR HISTORY<\/figcaption>\n\t\t\t\t\t\t\t\t\t\t<\/figure>\n\t\t\t\t\t\t\t\t\t<\/div>\n\t\t\t\t<\/div>\n\t\t\t\t\t<\/div>\n\t\t<\/div>\n\t\t\t\t\t<\/div>\n\t\t<\/section>\n\t\t\t\t<section class=\"elementor-section elementor-top-section elementor-element elementor-element-20a84f5 elementor-section-full_width elementor-section-stretched elementor-section-height-default elementor-section-height-default\" data-id=\"20a84f5\" data-element_type=\"section\" data-e-type=\"section\" data-settings=\"{&quot;background_background&quot;:&quot;classic&quot;,&quot;stretch_section&quot;:&quot;section-stretched&quot;}\">\n\t\t\t\t\t\t\t<div class=\"elementor-background-overlay\"><\/div>\n\t\t\t\t\t\t\t<div class=\"elementor-container elementor-column-gap-no\">\n\t\t\t\t\t<div class=\"elementor-column elementor-col-100 elementor-top-column elementor-element elementor-element-2c584cc\" data-id=\"2c584cc\" data-element_type=\"column\" data-e-type=\"column\">\n\t\t\t<div class=\"elementor-widget-wrap elementor-element-populated\">\n\t\t\t\t\t\t<div class=\"elementor-element elementor-element-0adbb2e elementor-widget elementor-widget-heading\" data-id=\"0adbb2e\" data-element_type=\"widget\" data-e-type=\"widget\" data-widget_type=\"heading.default\">\n\t\t\t\t<div class=\"elementor-widget-container\">\n\t\t\t\t\t<h2 class=\"elementor-heading-title elementor-size-default\">THE FOUNDERS OF ACTION SAINT-FRAN\u00c7OIS (photos circa 1990)<\/h2>\t\t\t\t<\/div>\n\t\t\t\t<\/div>\n\t\t\t\t<section class=\"elementor-section elementor-inner-section elementor-element elementor-element-af2852c elementor-section-full_width elementor-section-height-default elementor-section-height-default\" data-id=\"af2852c\" data-element_type=\"section\" data-e-type=\"section\" data-settings=\"{&quot;background_background&quot;:&quot;classic&quot;}\">\n\t\t\t\t\t\t\t<div class=\"elementor-background-overlay\"><\/div>\n\t\t\t\t\t\t\t<div class=\"elementor-container elementor-column-gap-no\">\n\t\t\t\t\t<div class=\"elementor-column elementor-col-16 elementor-inner-column elementor-element elementor-element-e47ed77\" data-id=\"e47ed77\" data-element_type=\"column\" data-e-type=\"column\">\n\t\t\t<div class=\"elementor-widget-wrap elementor-element-populated\">\n\t\t\t\t\t\t<div class=\"elementor-element elementor-element-773c772 elementor-widget elementor-widget-image\" data-id=\"773c772\" data-element_type=\"widget\" data-e-type=\"widget\" data-widget_type=\"image.default\">\n\t\t\t\t<div class=\"elementor-widget-container\">\n\t\t\t\t\t\t\t\t\t\t\t\t<figure class=\"wp-caption\">\n\t\t\t\t\t\t\t\t\t\t<img decoding=\"async\" width=\"150\" height=\"150\" src=\"https:\/\/asf-estrie.org\/wp-content\/uploads\/2018\/03\/Marie-Josee-150x150.jpg\" class=\"elementor-animation-grow attachment-thumbnail size-thumbnail wp-image-929\" alt=\"\" \/>\t\t\t\t\t\t\t\t\t\t\t<figcaption class=\"widget-image-caption wp-caption-text\">Marie-Jos\u00e9e Laurin<\/figcaption>\n\t\t\t\t\t\t\t\t\t\t<\/figure>\n\t\t\t\t\t\t\t\t\t<\/div>\n\t\t\t\t<\/div>\n\t\t\t\t\t<\/div>\n\t\t<\/div>\n\t\t\t\t<div class=\"elementor-column elementor-col-16 elementor-inner-column elementor-element elementor-element-87adda9\" data-id=\"87adda9\" data-element_type=\"column\" data-e-type=\"column\">\n\t\t\t<div class=\"elementor-widget-wrap elementor-element-populated\">\n\t\t\t\t\t\t<div class=\"elementor-element elementor-element-e94dc24 elementor-widget elementor-widget-image\" data-id=\"e94dc24\" data-element_type=\"widget\" data-e-type=\"widget\" data-widget_type=\"image.default\">\n\t\t\t\t<div class=\"elementor-widget-container\">\n\t\t\t\t\t\t\t\t\t\t\t\t<figure class=\"wp-caption\">\n\t\t\t\t\t\t\t\t\t\t<img decoding=\"async\" width=\"150\" height=\"150\" src=\"https:\/\/asf-estrie.org\/wp-content\/uploads\/2018\/03\/Num\u00e9riser0013-150x150.jpg\" class=\"elementor-animation-grow attachment-thumbnail size-thumbnail wp-image-927\" alt=\"\" srcset=\"https:\/\/asf-estrie.org\/wp-content\/uploads\/2018\/03\/Num\u00e9riser0013-150x150.jpg 150w, https:\/\/asf-estrie.org\/wp-content\/uploads\/2018\/03\/Num\u00e9riser0013.jpg 249w\" sizes=\"(max-width: 150px) 100vw, 150px\" \/>\t\t\t\t\t\t\t\t\t\t\t<figcaption class=\"widget-image-caption wp-caption-text\">William Lucy<\/figcaption>\n\t\t\t\t\t\t\t\t\t\t<\/figure>\n\t\t\t\t\t\t\t\t\t<\/div>\n\t\t\t\t<\/div>\n\t\t\t\t\t<\/div>\n\t\t<\/div>\n\t\t\t\t<div class=\"elementor-column elementor-col-16 elementor-inner-column elementor-element elementor-element-cb4912e\" data-id=\"cb4912e\" data-element_type=\"column\" data-e-type=\"column\">\n\t\t\t<div class=\"elementor-widget-wrap elementor-element-populated\">\n\t\t\t\t\t\t<div class=\"elementor-element elementor-element-7238d05 elementor-widget elementor-widget-image\" data-id=\"7238d05\" data-element_type=\"widget\" data-e-type=\"widget\" data-widget_type=\"image.default\">\n\t\t\t\t<div class=\"elementor-widget-container\">\n\t\t\t\t\t\t\t\t\t\t\t\t<figure class=\"wp-caption\">\n\t\t\t\t\t\t\t\t\t\t<img decoding=\"async\" width=\"150\" height=\"150\" src=\"https:\/\/asf-estrie.org\/wp-content\/uploads\/2018\/03\/Fran\u00e7ois-Danis-Mansoor-150x150.jpg\" class=\"elementor-animation-grow attachment-thumbnail size-thumbnail wp-image-936\" alt=\"\" \/>\t\t\t\t\t\t\t\t\t\t\t<figcaption class=\"widget-image-caption wp-caption-text\">Fran\u00e7ois Danis Mansoor<\/figcaption>\n\t\t\t\t\t\t\t\t\t\t<\/figure>\n\t\t\t\t\t\t\t\t\t<\/div>\n\t\t\t\t<\/div>\n\t\t\t\t\t<\/div>\n\t\t<\/div>\n\t\t\t\t<div class=\"elementor-column elementor-col-16 elementor-inner-column elementor-element elementor-element-e5f5c79\" data-id=\"e5f5c79\" data-element_type=\"column\" data-e-type=\"column\">\n\t\t\t<div class=\"elementor-widget-wrap elementor-element-populated\">\n\t\t\t\t\t\t<div class=\"elementor-element elementor-element-cff5f1d elementor-widget elementor-widget-image\" data-id=\"cff5f1d\" data-element_type=\"widget\" data-e-type=\"widget\" data-widget_type=\"image.default\">\n\t\t\t\t<div class=\"elementor-widget-container\">\n\t\t\t\t\t\t\t\t\t\t\t\t<figure class=\"wp-caption\">\n\t\t\t\t\t\t\t\t\t\t<img loading=\"lazy\" decoding=\"async\" width=\"150\" height=\"150\" src=\"https:\/\/asf-estrie.org\/wp-content\/uploads\/2018\/03\/Num\u00e9riser0016-150x150.jpg\" class=\"elementor-animation-grow attachment-thumbnail size-thumbnail wp-image-934\" alt=\"\" \/>\t\t\t\t\t\t\t\t\t\t\t<figcaption class=\"widget-image-caption wp-caption-text\">Michelle Salvail<\/figcaption>\n\t\t\t\t\t\t\t\t\t\t<\/figure>\n\t\t\t\t\t\t\t\t\t<\/div>\n\t\t\t\t<\/div>\n\t\t\t\t\t<\/div>\n\t\t<\/div>\n\t\t\t\t<div class=\"elementor-column elementor-col-16 elementor-inner-column elementor-element elementor-element-0a36652\" data-id=\"0a36652\" data-element_type=\"column\" data-e-type=\"column\">\n\t\t\t<div class=\"elementor-widget-wrap elementor-element-populated\">\n\t\t\t\t\t\t<div class=\"elementor-element elementor-element-d5346dd elementor-widget elementor-widget-image\" data-id=\"d5346dd\" data-element_type=\"widget\" data-e-type=\"widget\" data-widget_type=\"image.default\">\n\t\t\t\t<div class=\"elementor-widget-container\">\n\t\t\t\t\t\t\t\t\t\t\t\t<figure class=\"wp-caption\">\n\t\t\t\t\t\t\t\t\t\t<img loading=\"lazy\" decoding=\"async\" width=\"150\" height=\"150\" src=\"https:\/\/asf-estrie.org\/wp-content\/uploads\/2018\/03\/membre-fondateur-150x150.jpg\" class=\"elementor-animation-grow attachment-thumbnail size-thumbnail wp-image-932\" alt=\"\" \/>\t\t\t\t\t\t\t\t\t\t\t<figcaption class=\"widget-image-caption wp-caption-text\">Guy Th\u00e9berge<\/figcaption>\n\t\t\t\t\t\t\t\t\t\t<\/figure>\n\t\t\t\t\t\t\t\t\t<\/div>\n\t\t\t\t<\/div>\n\t\t\t\t\t<\/div>\n\t\t<\/div>\n\t\t\t\t<div class=\"elementor-column elementor-col-16 elementor-inner-column elementor-element elementor-element-09f875a\" data-id=\"09f875a\" data-element_type=\"column\" data-e-type=\"column\">\n\t\t\t<div class=\"elementor-widget-wrap elementor-element-populated\">\n\t\t\t\t\t\t<div class=\"elementor-element elementor-element-afa62da elementor-widget elementor-widget-image\" data-id=\"afa62da\" data-element_type=\"widget\" data-e-type=\"widget\" data-widget_type=\"image.default\">\n\t\t\t\t<div class=\"elementor-widget-container\">\n\t\t\t\t\t\t\t\t\t\t\t\t<figure class=\"wp-caption\">\n\t\t\t\t\t\t\t\t\t\t<img loading=\"lazy\" decoding=\"async\" width=\"150\" height=\"150\" src=\"https:\/\/asf-estrie.org\/wp-content\/uploads\/2018\/03\/profil-femme-150x150.jpg\" class=\"attachment-thumbnail size-thumbnail wp-image-1033\" alt=\"\" \/>\t\t\t\t\t\t\t\t\t\t\t<figcaption class=\"widget-image-caption wp-caption-text\">Andr\u00e9e Bourassa<\/figcaption>\n\t\t\t\t\t\t\t\t\t\t<\/figure>\n\t\t\t\t\t\t\t\t\t<\/div>\n\t\t\t\t<\/div>\n\t\t\t\t\t<\/div>\n\t\t<\/div>\n\t\t\t\t\t<\/div>\n\t\t<\/section>\n\t\t\t\t<section class=\"elementor-section elementor-inner-section elementor-element elementor-element-e5d66f8 elementor-section-full_width elementor-section-height-default elementor-section-height-default\" data-id=\"e5d66f8\" data-element_type=\"section\" data-e-type=\"section\">\n\t\t\t\t\t\t<div class=\"elementor-container elementor-column-gap-default\">\n\t\t\t\t\t<div class=\"elementor-column elementor-col-100 elementor-inner-column elementor-element elementor-element-3c5c20d\" data-id=\"3c5c20d\" data-element_type=\"column\" data-e-type=\"column\">\n\t\t\t<div class=\"elementor-widget-wrap elementor-element-populated\">\n\t\t\t\t\t\t<div class=\"elementor-element elementor-element-646e396 elementor-widget elementor-widget-text-editor\" data-id=\"646e396\" data-element_type=\"widget\" data-e-type=\"widget\" data-widget_type=\"text-editor.default\">\n\t\t\t\t<div class=\"elementor-widget-container\">\n\t\t\t\t\t\t\t\t\t<p style=\"text-align: center;\">We are truly grateful for our founders\u2019 great ideas and perseverance in establishing an environmental organization that was ahead of its time.<\/p>\t\t\t\t\t\t\t\t<\/div>\n\t\t\t\t<\/div>\n\t\t\t\t\t<\/div>\n\t\t<\/div>\n\t\t\t\t\t<\/div>\n\t\t<\/section>\n\t\t\t\t\t<\/div>\n\t\t<\/div>\n\t\t\t\t\t<\/div>\n\t\t<\/section>\n\t\t\t\t<section class=\"elementor-section elementor-top-section elementor-element elementor-element-6389b1e elementor-section-boxed elementor-section-height-default elementor-section-height-default\" data-id=\"6389b1e\" data-element_type=\"section\" data-e-type=\"section\">\n\t\t\t\t\t\t<div class=\"elementor-container elementor-column-gap-default\">\n\t\t\t\t\t<div class=\"elementor-column elementor-col-25 elementor-top-column elementor-element elementor-element-c99d008\" data-id=\"c99d008\" data-element_type=\"column\" data-e-type=\"column\">\n\t\t\t<div class=\"elementor-widget-wrap elementor-element-populated\">\n\t\t\t\t\t\t<div class=\"elementor-element elementor-element-57f7c6a elementor-widget elementor-widget-text-editor\" data-id=\"57f7c6a\" data-element_type=\"widget\" data-e-type=\"widget\" data-widget_type=\"text-editor.default\">\n\t\t\t\t<div class=\"elementor-widget-container\">\n\t\t\t\t\t\t\t\t\t<p><strong><span style=\"color: #000000;\"><span style=\"text-decoration: underline;\">1992<\/span> <\/span><\/strong><\/p><p>After finding countless rubbish dumps along the region\u2019s watercourses, a group of citizens created an organization to protect the St. Francis River. On <strong>August 5<\/strong>, Action Saint-Fran\u00e7ois officially became a non-profit organization.<\/p><p><span style=\"text-decoration: underline;\"><strong>1993<\/strong><\/span>\u00a0<\/p><p>Began cleanup activities. Started publishing the Action Saint-Fran\u00e7ois newspaper.<\/p><p><span style=\"text-decoration: underline;\"><strong>1996<\/strong><\/span><\/p><p>Obtained charitable organization status. Received a subsidy from Environment Canada to hire a cleanup activities coordinator.<\/p><p><span style=\"text-decoration: underline;\"><strong>1997<\/strong><\/span><\/p><p>Began conducting watercourse inventories under the <em>Placement Carri\u00e8re \u00c9t\u00e9<\/em> summer job program.<\/p><p><span style=\"text-decoration: underline;\"><strong>1998<\/strong><\/span><\/p><p>Held kiosks at multiple events, including the <em>Salon de l\u2019am\u00e9nagement paysager <\/em>in Fleurimont.<\/p><p><span style=\"text-decoration: underline;\"><strong>1999 <\/strong><\/span><\/p><p>Attended consultations with the <em>Bureau d\u2019audiences publiques sur l\u2019environnement<\/em> (BAPE) and wrote a brief on the topic of water.<\/p>\t\t\t\t\t\t\t\t<\/div>\n\t\t\t\t<\/div>\n\t\t\t\t\t<\/div>\n\t\t<\/div>\n\t\t\t\t<div class=\"elementor-column elementor-col-25 elementor-top-column elementor-element elementor-element-d0dd39c\" data-id=\"d0dd39c\" data-element_type=\"column\" data-e-type=\"column\">\n\t\t\t<div class=\"elementor-widget-wrap elementor-element-populated\">\n\t\t\t\t\t\t<div class=\"elementor-element elementor-element-c8994c7 elementor-widget elementor-widget-text-editor\" data-id=\"c8994c7\" data-element_type=\"widget\" data-e-type=\"widget\" data-widget_type=\"text-editor.default\">\n\t\t\t\t<div class=\"elementor-widget-container\">\n\t\t\t\t\t\t\t\t\t<p><span style=\"text-decoration: underline;\"><strong>2000<\/strong><\/span><\/p><p>Organized a theme rally on water issues at an elementary school and a high school in Sherbrooke.<\/p><p><span style=\"text-decoration: underline;\"><strong>2001<\/strong><\/span><\/p><p>Inaugurated the travelling art exhibition \u201cD\u00e9chets d\u2019\u0153uvres et des arts durs\u201d (unofficial translation: Trash\u2019terpieces and gARTbage) showcasing photos and objects found along riverbanks.<\/p><p><span style=\"text-decoration: underline;\"><strong>2002<\/strong><\/span><\/p><p>In October, Action Saint-Fran\u00e7ois received an <strong>environmental excellence award in the \u201cEnvironmental group, non-profit organization or<\/strong> <strong>institution\u201d category<\/strong> at the ninth edition of the <em>Prix d\u2019excellence en environnement <\/em>awards.<\/p><p><span style=\"text-decoration: underline;\"><strong>De 2003 \u00e0 2005<\/strong><\/span><\/p><p>Continued cleanup activities, which gained exposure among the public.<\/p><p><span style=\"text-decoration: underline;\"><strong>2006<\/strong><\/span><\/p><p>Launched a project to revegetate shores. Organized its first fundraising event: a cocktail dinner at Coll\u00e8ge du Mont Notre-Dame.<\/p><p><span style=\"text-decoration: underline;\"><strong>2007<\/strong><\/span>\u00a0<\/p><p>Held a benefit show for its 15<sup>th<\/sup> anniversary at the Granada theatre. Created a new website and logo. Organized its first riverbank revegetation activities.<\/p>\t\t\t\t\t\t\t\t<\/div>\n\t\t\t\t<\/div>\n\t\t\t\t\t<\/div>\n\t\t<\/div>\n\t\t\t\t<div class=\"elementor-column elementor-col-25 elementor-top-column elementor-element elementor-element-ce1bcb1\" data-id=\"ce1bcb1\" data-element_type=\"column\" data-e-type=\"column\">\n\t\t\t<div class=\"elementor-widget-wrap elementor-element-populated\">\n\t\t\t\t\t\t<div class=\"elementor-element elementor-element-5b0d7db elementor-widget elementor-widget-text-editor\" data-id=\"5b0d7db\" data-element_type=\"widget\" data-e-type=\"widget\" data-widget_type=\"text-editor.default\">\n\t\t\t\t<div class=\"elementor-widget-container\">\n\t\t\t\t\t\t\t\t\t<p><span style=\"text-decoration: underline;\"><strong>De 2008 \u00e0 2014<\/strong><\/span><\/p><p>Continued activities on the field.<\/p><ul><li>Organized watercourse cleanups.<\/li><li>Revegetated riverbanks, which included stabilizing shores, compensating CO2, setting up windbreaks and planting vegetation to attract pollinators.<\/li><li>Hosted its first <strong>\u201cRECYCLE TON JARDIN\u201d<\/strong> garden recycling event,<\/li><li>Became present on Facebook<\/li><\/ul><p><span style=\"text-decoration: underline;\"><strong>2015<\/strong><\/span><\/p><ul><li>Continued activities on the field.<\/li><li>Organized its first <strong>SALON DE LA NATURE<\/strong> show: 15\u00a0conferences, 35\u00a0kiosks, 2\u00a0quizzes with awards, and 2\u00a0nature-themed storytelling sessions.<\/li><\/ul><p><span style=\"text-decoration: underline;\"><strong>2016<\/strong><\/span><\/p><ul><li>Continued activities on the field.<\/li><li>Organized the first <strong>\u00c0 Prop\u2019EAU<\/strong> water-themed conference series: 7\u00a0talks about water and 2\u00a0outdoor exploration workshops.<\/li><\/ul><p><span style=\"text-decoration: underline;\"><strong>2017<\/strong><\/span><\/p><ul><li>Continued activities on the field.<\/li><li>Celebrated 25<sup>th<\/sup> anniversary since Action Saint-Fran\u00e7ois was founded. We\u2019re still here!<\/li><li>Created an online payment page.<\/li><\/ul><p>Received a second<strong> environmental excellence award in the \u201cEnvironmental group, non-profit organization <\/strong>\u00a0<strong>or institution\u201d category<\/strong>.<\/p><p>\u00a0<\/p>\t\t\t\t\t\t\t\t<\/div>\n\t\t\t\t<\/div>\n\t\t\t\t\t<\/div>\n\t\t<\/div>\n\t\t\t\t<div class=\"elementor-column elementor-col-25 elementor-top-column elementor-element elementor-element-5f9cc5c\" data-id=\"5f9cc5c\" data-element_type=\"column\" data-e-type=\"column\">\n\t\t\t<div class=\"elementor-widget-wrap elementor-element-populated\">\n\t\t\t\t\t\t<div class=\"elementor-element elementor-element-9127091 elementor-widget elementor-widget-text-editor\" data-id=\"9127091\" data-element_type=\"widget\" data-e-type=\"widget\" data-widget_type=\"text-editor.default\">\n\t\t\t\t<div class=\"elementor-widget-container\">\n\t\t\t\t\t\t\t\t\t<p><span style=\"text-decoration: underline;\"><strong>2018<\/strong><\/span><\/p><p>Continued activities on the field.<\/p><ul><li>Organized planting activities and watercourse cleanups.<\/li><li>Launched a new website.<\/li><li>Resumed <strong>\u00c0 Prop\u2019EAU<\/strong> water-themed conferences.<\/li><li>Gave introductory workshops on watersheds in elementary and high schools.<\/li><\/ul><p><strong><span style=\"text-decoration: underline;\">2019<\/span><\/strong><\/p><p>Continued activities on the field.<\/p><ul><li>Organized planting activities and watercourse cleanups.<\/li><li>Continued the \u00c0 Prop\u2019EAU water-themed conference series.<\/li><li>Created a newsletter.<\/li><li>Began soliciting corporate support.<\/li><li>Updated its website.<\/li><li>The City of Sherbrooke admits Action Saint-Fran\u00e7ois to its support program.<\/li><\/ul>\t\t\t\t\t\t\t\t<\/div>\n\t\t\t\t<\/div>\n\t\t\t\t\t<\/div>\n\t\t<\/div>\n\t\t\t\t\t<\/div>\n\t\t<\/section>\n\t\t\t\t<\/div>\n\t\t","protected":false},"excerpt":{"rendered":"<p>OUR HISTORY THE FOUNDERS OF ACTION SAINT-FRAN\u00c7OIS (photos circa 1990) Marie-Jos\u00e9e Laurin William Lucy Fran\u00e7ois Danis Mansoor Michelle Salvail Guy Th\u00e9berge Andr\u00e9e Bourassa We are truly grateful for our founders\u2019 [&hellip;]<\/p>\n","protected":false},"author":1,"featured_media":0,"parent":0,"menu_order":0,"comment_status":"closed","ping_status":"closed","template":"","meta":{"ocean_post_layout":"","ocean_both_sidebars_style":"","ocean_both_sidebars_content_width":0,"ocean_both_sidebars_sidebars_width":0,"ocean_sidebar":"0","ocean_second_sidebar":"0","ocean_disable_margins":"enable","ocean_add_body_class":"","ocean_shortcode_before_top_bar":"","ocean_shortcode_after_top_bar":"","ocean_shortcode_before_header":"","ocean_shortcode_after_header":"","ocean_has_shortcode":"","ocean_shortcode_after_title":"","ocean_shortcode_before_footer_widgets":"","ocean_shortcode_after_footer_widgets":"","ocean_shortcode_before_footer_bottom":"","ocean_shortcode_after_footer_bottom":"","ocean_display_top_bar":"default","ocean_display_header":"default","ocean_header_style":"","ocean_center_header_left_menu":"0","ocean_custom_header_template":"0","ocean_custom_logo":0,"ocean_custom_retina_logo":0,"ocean_custom_logo_max_width":0,"ocean_custom_logo_tablet_max_width":0,"ocean_custom_logo_mobile_max_width":0,"ocean_custom_logo_max_height":0,"ocean_custom_logo_tablet_max_height":0,"ocean_custom_logo_mobile_max_height":0,"ocean_header_custom_menu":"0","ocean_menu_typo_font_family":"0","ocean_menu_typo_font_subset":"","ocean_menu_typo_font_size":0,"ocean_menu_typo_font_size_tablet":0,"ocean_menu_typo_font_size_mobile":0,"ocean_menu_typo_font_size_unit":"px","ocean_menu_typo_font_weight":"","ocean_menu_typo_font_weight_tablet":"","ocean_menu_typo_font_weight_mobile":"","ocean_menu_typo_transform":"","ocean_menu_typo_transform_tablet":"","ocean_menu_typo_transform_mobile":"","ocean_menu_typo_line_height":0,"ocean_menu_typo_line_height_tablet":0,"ocean_menu_typo_line_height_mobile":0,"ocean_menu_typo_line_height_unit":"","ocean_menu_typo_spacing":0,"ocean_menu_typo_spacing_tablet":0,"ocean_menu_typo_spacing_mobile":0,"ocean_menu_typo_spacing_unit":"","ocean_menu_link_color":"","ocean_menu_link_color_hover":"","ocean_menu_link_color_active":"","ocean_menu_link_background":"","ocean_menu_link_hover_background":"","ocean_menu_link_active_background":"","ocean_menu_social_links_bg":"","ocean_menu_social_hover_links_bg":"","ocean_menu_social_links_color":"","ocean_menu_social_hover_links_color":"","ocean_disable_title":"default","ocean_disable_heading":"default","ocean_post_title":"","ocean_post_subheading":"","ocean_post_title_style":"","ocean_post_title_background_color":"","ocean_post_title_background":0,"ocean_post_title_bg_image_position":"","ocean_post_title_bg_image_attachment":"","ocean_post_title_bg_image_repeat":"","ocean_post_title_bg_image_size":"","ocean_post_title_height":0,"ocean_post_title_bg_overlay":0.5,"ocean_post_title_bg_overlay_color":"","ocean_disable_breadcrumbs":"default","ocean_breadcrumbs_color":"","ocean_breadcrumbs_separator_color":"","ocean_breadcrumbs_links_color":"","ocean_breadcrumbs_links_hover_color":"","ocean_display_footer_widgets":"default","ocean_display_footer_bottom":"default","ocean_custom_footer_template":"0","footnotes":""},"class_list":["post-8393","page","type-page","status-publish","hentry","entry"],"_links":{"self":[{"href":"https:\/\/asf-estrie.org\/en\/wp-json\/wp\/v2\/pages\/8393","targetHints":{"allow":["GET"]}}],"collection":[{"href":"https:\/\/asf-estrie.org\/en\/wp-json\/wp\/v2\/pages"}],"about":[{"href":"https:\/\/asf-estrie.org\/en\/wp-json\/wp\/v2\/types\/page"}],"author":[{"embeddable":true,"href":"https:\/\/asf-estrie.org\/en\/wp-json\/wp\/v2\/users\/1"}],"replies":[{"embeddable":true,"href":"https:\/\/asf-estrie.org\/en\/wp-json\/wp\/v2\/comments?post=8393"}],"version-history":[{"count":4,"href":"https:\/\/asf-estrie.org\/en\/wp-json\/wp\/v2\/pages\/8393\/revisions"}],"predecessor-version":[{"id":8502,"href":"https:\/\/asf-estrie.org\/en\/wp-json\/wp\/v2\/pages\/8393\/revisions\/8502"}],"wp:attachment":[{"href":"https:\/\/asf-estrie.org\/en\/wp-json\/wp\/v2\/media?parent=8393"}],"curies":[{"name":"wp","href":"https:\/\/api.w.org\/{rel}","templated":true}]}}