{"id":8391,"date":"2018-01-09T15:58:33","date_gmt":"2018-01-09T20:58:33","guid":{"rendered":"https:\/\/asf-estrie.org\/apprendre\/"},"modified":"2018-01-09T15:58:33","modified_gmt":"2018-01-09T20:58:33","slug":"apprendre","status":"publish","type":"page","link":"https:\/\/asf-estrie.org\/en\/apprendre\/","title":{"rendered":"\u00c9ducation"},"content":{"rendered":"\t\t<div data-elementor-type=\"wp-post\" data-elementor-id=\"8391\" class=\"elementor elementor-8391 elementor-141\" data-elementor-post-type=\"page\">\n\t\t\t\t\t\t<section class=\"elementor-section elementor-top-section elementor-element elementor-element-a4b2a57 elementor-section-stretched elementor-section-full_width elementor-section-height-default elementor-section-height-default\" data-id=\"a4b2a57\" data-element_type=\"section\" data-e-type=\"section\" data-settings=\"{&quot;stretch_section&quot;:&quot;section-stretched&quot;,&quot;background_background&quot;:&quot;classic&quot;}\">\n\t\t\t\t\t\t<div class=\"elementor-container elementor-column-gap-no\">\n\t\t\t\t\t<div class=\"elementor-column elementor-col-100 elementor-top-column elementor-element elementor-element-f86ebcd\" data-id=\"f86ebcd\" data-element_type=\"column\" data-e-type=\"column\">\n\t\t\t<div class=\"elementor-widget-wrap\">\n\t\t\t\t\t\t\t<\/div>\n\t\t<\/div>\n\t\t\t\t\t<\/div>\n\t\t<\/section>\n\t\t\t\t<section class=\"elementor-section elementor-top-section elementor-element elementor-element-3f78b0f elementor-section-stretched elementor-section-full_width elementor-section-height-default elementor-section-height-default\" data-id=\"3f78b0f\" data-element_type=\"section\" data-e-type=\"section\" data-settings=\"{&quot;stretch_section&quot;:&quot;section-stretched&quot;}\">\n\t\t\t\t\t\t<div class=\"elementor-container elementor-column-gap-no\">\n\t\t\t\t\t<div class=\"elementor-column elementor-col-33 elementor-top-column elementor-element elementor-element-5662ee6\" data-id=\"5662ee6\" data-element_type=\"column\" data-e-type=\"column\">\n\t\t\t<div class=\"elementor-widget-wrap elementor-element-populated\">\n\t\t\t\t\t\t<div class=\"elementor-element elementor-element-e920b79 elementor-widget elementor-widget-image\" data-id=\"e920b79\" data-element_type=\"widget\" data-e-type=\"widget\" data-widget_type=\"image.default\">\n\t\t\t\t<div class=\"elementor-widget-container\">\n\t\t\t\t\t\t\t\t\t\t\t\t<figure class=\"wp-caption\">\n\t\t\t\t\t\t\t\t\t\t<img decoding=\"async\" src=\"https:\/\/asf-estrie.org\/wp-content\/uploads\/elementor\/thumbs\/IMG_1963-p5t7x38jtwxntsqjfmx668p4ujmpmlvpjip4ub6yni.jpg\" title=\"IMG_1963\" alt=\"IMG_1963\" loading=\"lazy\" \/>\t\t\t\t\t\t\t\t\t\t\t<figcaption class=\"widget-image-caption wp-caption-text\">Tenues de kiosques<\/figcaption>\n\t\t\t\t\t\t\t\t\t\t<\/figure>\n\t\t\t\t\t\t\t\t\t<\/div>\n\t\t\t\t<\/div>\n\t\t\t\t\t<\/div>\n\t\t<\/div>\n\t\t\t\t<div class=\"elementor-column elementor-col-33 elementor-top-column elementor-element elementor-element-6253cd3\" data-id=\"6253cd3\" data-element_type=\"column\" data-e-type=\"column\">\n\t\t\t<div class=\"elementor-widget-wrap elementor-element-populated\">\n\t\t\t\t\t\t<div class=\"elementor-element elementor-element-a3e4ee7 elementor-widget elementor-widget-image\" data-id=\"a3e4ee7\" data-element_type=\"widget\" data-e-type=\"widget\" data-widget_type=\"image.default\">\n\t\t\t\t<div class=\"elementor-widget-container\">\n\t\t\t\t\t\t\t\t\t\t\t\t<figure class=\"wp-caption\">\n\t\t\t\t\t\t\t\t\t\t<img decoding=\"async\" src=\"https:\/\/asf-estrie.org\/wp-content\/uploads\/elementor\/thumbs\/Conf\u00e9rences-\u00e0-propEAU-p5t7x38jtwxo15ws6eb3gigfnheyc9lmd95ign241k.jpg\" title=\"Conf\u00e9rences \u00e0 prop&#8217;EAU\" alt=\"Conf\u00e9rences \u00e0 prop&#039;EAU\" loading=\"lazy\" \/>\t\t\t\t\t\t\t\t\t\t\t<figcaption class=\"widget-image-caption wp-caption-text\">Conf\u00e9rences \u00e0 PROP'EAU<\/figcaption>\n\t\t\t\t\t\t\t\t\t\t<\/figure>\n\t\t\t\t\t\t\t\t\t<\/div>\n\t\t\t\t<\/div>\n\t\t\t\t\t<\/div>\n\t\t<\/div>\n\t\t\t\t<div class=\"elementor-column elementor-col-33 elementor-top-column elementor-element elementor-element-3958b9e\" data-id=\"3958b9e\" data-element_type=\"column\" data-e-type=\"column\">\n\t\t\t<div class=\"elementor-widget-wrap elementor-element-populated\">\n\t\t\t\t\t\t<div class=\"elementor-element elementor-element-1ad81fa elementor-widget elementor-widget-image\" data-id=\"1ad81fa\" data-element_type=\"widget\" data-e-type=\"widget\" data-widget_type=\"image.default\">\n\t\t\t\t<div class=\"elementor-widget-container\">\n\t\t\t\t\t\t\t\t\t\t\t\t<figure class=\"wp-caption\">\n\t\t\t\t\t\t\t\t\t\t<img decoding=\"async\" src=\"https:\/\/asf-estrie.org\/wp-content\/uploads\/elementor\/thumbs\/013-p5t7x38jtwxo15ws6eb3gigfnheyc9lmd95ign241k.jpg\" title=\"013\" alt=\"013\" loading=\"lazy\" \/>\t\t\t\t\t\t\t\t\t\t\t<figcaption class=\"widget-image-caption wp-caption-text\">Salon de la Nature<\/figcaption>\n\t\t\t\t\t\t\t\t\t\t<\/figure>\n\t\t\t\t\t\t\t\t\t<\/div>\n\t\t\t\t<\/div>\n\t\t\t\t\t<\/div>\n\t\t<\/div>\n\t\t\t\t\t<\/div>\n\t\t<\/section>\n\t\t\t\t<section class=\"elementor-section elementor-top-section elementor-element elementor-element-078a5fe elementor-section-stretched elementor-section-full_width elementor-section-height-default elementor-section-height-default\" data-id=\"078a5fe\" data-element_type=\"section\" data-e-type=\"section\" data-settings=\"{&quot;stretch_section&quot;:&quot;section-stretched&quot;}\">\n\t\t\t\t\t\t<div class=\"elementor-container elementor-column-gap-default\">\n\t\t\t\t\t<div class=\"elementor-column elementor-col-100 elementor-top-column elementor-element elementor-element-da8592f\" data-id=\"da8592f\" data-element_type=\"column\" data-e-type=\"column\">\n\t\t\t<div class=\"elementor-widget-wrap elementor-element-populated\">\n\t\t\t\t\t\t<div class=\"elementor-element elementor-element-68d107d elementor-widget elementor-widget-text-editor\" data-id=\"68d107d\" data-element_type=\"widget\" data-e-type=\"widget\" data-widget_type=\"text-editor.default\">\n\t\t\t\t<div class=\"elementor-widget-container\">\n\t\t\t\t\t\t\t\t\t<p>\u00c9DUCATION<\/p>\t\t\t\t\t\t\t\t<\/div>\n\t\t\t\t<\/div>\n\t\t\t\t\t<\/div>\n\t\t<\/div>\n\t\t\t\t\t<\/div>\n\t\t<\/section>\n\t\t\t\t<section class=\"elementor-section elementor-top-section elementor-element elementor-element-2654b99 elementor-section-stretched elementor-section-full_width elementor-section-height-default elementor-section-height-default\" data-id=\"2654b99\" data-element_type=\"section\" data-e-type=\"section\" data-settings=\"{&quot;stretch_section&quot;:&quot;section-stretched&quot;,&quot;background_background&quot;:&quot;classic&quot;}\">\n\t\t\t\t\t\t<div class=\"elementor-container elementor-column-gap-default\">\n\t\t\t\t\t<div class=\"elementor-column elementor-col-33 elementor-top-column elementor-element elementor-element-eb52d59\" data-id=\"eb52d59\" data-element_type=\"column\" data-e-type=\"column\">\n\t\t\t<div class=\"elementor-widget-wrap elementor-element-populated\">\n\t\t\t\t\t\t<div class=\"elementor-element elementor-element-cec24ad elementor-widget elementor-widget-text-editor\" data-id=\"cec24ad\" data-element_type=\"widget\" data-e-type=\"widget\" data-widget_type=\"text-editor.default\">\n\t\t\t\t<div class=\"elementor-widget-container\">\n\t\t\t\t\t\t\t\t\t<p><strong>TENUES DE KIOSQUES D&#8217;INFORMATION<\/strong><\/p><p>Action Saint-Fran\u00e7ois participe r\u00e9guli\u00e8rement \u00e0 certains rassemblements: salons, colloques, etc. Lors de ces \u00e9v\u00e9nements, l&#8217;organisme tient un kiosque d&#8217;information qui permet de faire connaitre les diff\u00e9rentes activit\u00e9s r\u00e9alis\u00e9es.<\/p><p><strong>ATELIERS DANS LES \u00c9COLES PRIMAIRES ET SECONDAIRES<\/strong><\/p><p>Le projet a pour but de faire conna\u00eetre la gestion de l\u2019eau par bassin versant aux \u00e9l\u00e8ves du primaire et du secondaire, et plus particuli\u00e8rement de les sensibiliser aux interconnections entre les utilisations municipales des eaux, la v\u00e9g\u00e9tation et le cycle hydrologique naturel. Un objectif secondaire du projet est de faire prendre conscience aux \u00e9l\u00e8ves de leur place dans le cycle hydrologique et comment ils peuvent agir positivement.\u00a0<\/p>\t\t\t\t\t\t\t\t<\/div>\n\t\t\t\t<\/div>\n\t\t\t\t\t<\/div>\n\t\t<\/div>\n\t\t\t\t<div class=\"elementor-column elementor-col-33 elementor-top-column elementor-element elementor-element-11b99d1\" data-id=\"11b99d1\" data-element_type=\"column\" data-e-type=\"column\">\n\t\t\t<div class=\"elementor-widget-wrap elementor-element-populated\">\n\t\t\t\t\t\t<div class=\"elementor-element elementor-element-0bbce50 elementor-widget elementor-widget-text-editor\" data-id=\"0bbce50\" data-element_type=\"widget\" data-e-type=\"widget\" data-widget_type=\"text-editor.default\">\n\t\t\t\t<div class=\"elementor-widget-container\">\n\t\t\t\t\t\t\t\t\t<p><strong>LES CONF\u00c9RENCES \u00c0 PROP&#8217;EAU<\/strong><\/p><p>Action Saint-Fran\u00e7ois pr\u00e9sente des conf\u00e9rences sur la protection de l&#8217;eau et la sauvegarde de l&#8217;environnement nomm\u00e9es les <span style=\"color: #0000ff;\"><a style=\"color: #0000ff;\" href=\"https:\/\/asf-estrie.org\/conferences\/\">Conf\u00e9rences<\/a><\/span> \u00e0 Prop&#8217;EAU.<\/p><p>Ces pr\u00e9sentations ont pour but d&#8217;informer le grand public des diff\u00e9rentes probl\u00e9matiques environnementales en lien avec l&#8217;eau et la nature. Les conf\u00e9renciers ont pour t\u00e2ches de proposer des solutions pratiques aux probl\u00e8mes environnementaux que chacun peut r\u00e9aliser. Chacun a int\u00e9r\u00eat \u00e0 connaitre les solutions aux probl\u00e9matiques environnementales, car nous sommes tous tributaires de la nature.\u00a0<\/p><p>Visitez r\u00e9guli\u00e8rement notre section Conf\u00e9rences dans le menu \u00c9ducation pour voir l&#8217;\u00e9volution de la programmation \u00e0 venir.<\/p>\t\t\t\t\t\t\t\t<\/div>\n\t\t\t\t<\/div>\n\t\t\t\t\t<\/div>\n\t\t<\/div>\n\t\t\t\t<div class=\"elementor-column elementor-col-33 elementor-top-column elementor-element elementor-element-feae521\" data-id=\"feae521\" data-element_type=\"column\" data-e-type=\"column\">\n\t\t\t<div class=\"elementor-widget-wrap elementor-element-populated\">\n\t\t\t\t\t\t<div class=\"elementor-element elementor-element-23c1425 elementor-widget elementor-widget-text-editor\" data-id=\"23c1425\" data-element_type=\"widget\" data-e-type=\"widget\" data-widget_type=\"text-editor.default\">\n\t\t\t\t<div class=\"elementor-widget-container\">\n\t\t\t\t\t\t\t\t\t<p><strong>SALON DE LA NATURE<\/strong><\/p><p>Le premier Salon de la Nature a \u00e9t\u00e9 r\u00e9alis\u00e9 en avril 2015. Cet \u00e9v\u00e9nement est tr\u00e8s rassembleur, car il pr\u00e9sente une vari\u00e9t\u00e9 d&#8217;informations sur l&#8217;environnement et la nature, et cela, dans un contexte grand public.\u00a0<\/p><p>De nombreux exposants ont tenu des kiosques d&#8217;information sur la nature et l&#8217;environnement. Une quinzaine de sp\u00e9cialistes de la nature ont pr\u00e9sent\u00e9 des conf\u00e9rences passionnantes sur diff\u00e9rents th\u00e8mes reli\u00e9s \u00e0 la nature tels que la biodiversit\u00e9 estrienne, l&#8217;agriculture biologique, les chauves-souris, les poissons, les amphibiens, les reptiles, les oiseaux, les escargots, les limaces, les moules, les champignons, les mammif\u00e8res marins, etc.<\/p><p>En plus de ces conf\u00e9rences, deux contes &#8211; am\u00e9rindien et cr\u00e9ole &#8211; et trois quiz (avec prix pour les gagnants) ont \u00e9t\u00e9 pr\u00e9sent\u00e9s lors de ce salon.\u00a0<\/p>\t\t\t\t\t\t\t\t<\/div>\n\t\t\t\t<\/div>\n\t\t\t\t\t<\/div>\n\t\t<\/div>\n\t\t\t\t\t<\/div>\n\t\t<\/section>\n\t\t\t\t<\/div>\n\t\t","protected":false},"excerpt":{"rendered":"<p>Tenues de kiosques Conf\u00e9rences \u00e0 PROP&#8217;EAU Salon de la Nature \u00c9DUCATION TENUES DE KIOSQUES D&#8217;INFORMATION Action Saint-Fran\u00e7ois participe r\u00e9guli\u00e8rement \u00e0 certains rassemblements: salons, colloques, etc. Lors de ces \u00e9v\u00e9nements, l&#8217;organisme [&hellip;]<\/p>\n","protected":false},"author":1,"featured_media":0,"parent":0,"menu_order":0,"comment_status":"closed","ping_status":"closed","template":"","meta":{"ocean_post_layout":"","ocean_both_sidebars_style":"","ocean_both_sidebars_content_width":0,"ocean_both_sidebars_sidebars_width":0,"ocean_sidebar":"","ocean_second_sidebar":"","ocean_disable_margins":"enable","ocean_add_body_class":"","ocean_shortcode_before_top_bar":"","ocean_shortcode_after_top_bar":"","ocean_shortcode_before_header":"","ocean_shortcode_after_header":"","ocean_has_shortcode":"","ocean_shortcode_after_title":"","ocean_shortcode_before_footer_widgets":"","ocean_shortcode_after_footer_widgets":"","ocean_shortcode_before_footer_bottom":"","ocean_shortcode_after_footer_bottom":"","ocean_display_top_bar":"default","ocean_display_header":"default","ocean_header_style":"","ocean_center_header_left_menu":"","ocean_custom_header_template":"","ocean_custom_logo":0,"ocean_custom_retina_logo":0,"ocean_custom_logo_max_width":0,"ocean_custom_logo_tablet_max_width":0,"ocean_custom_logo_mobile_max_width":0,"ocean_custom_logo_max_height":0,"ocean_custom_logo_tablet_max_height":0,"ocean_custom_logo_mobile_max_height":0,"ocean_header_custom_menu":"","ocean_menu_typo_font_family":"","ocean_menu_typo_font_subset":"","ocean_menu_typo_font_size":0,"ocean_menu_typo_font_size_tablet":0,"ocean_menu_typo_font_size_mobile":0,"ocean_menu_typo_font_size_unit":"px","ocean_menu_typo_font_weight":"","ocean_menu_typo_font_weight_tablet":"","ocean_menu_typo_font_weight_mobile":"","ocean_menu_typo_transform":"","ocean_menu_typo_transform_tablet":"","ocean_menu_typo_transform_mobile":"","ocean_menu_typo_line_height":0,"ocean_menu_typo_line_height_tablet":0,"ocean_menu_typo_line_height_mobile":0,"ocean_menu_typo_line_height_unit":"","ocean_menu_typo_spacing":0,"ocean_menu_typo_spacing_tablet":0,"ocean_menu_typo_spacing_mobile":0,"ocean_menu_typo_spacing_unit":"","ocean_menu_link_color":"","ocean_menu_link_color_hover":"","ocean_menu_link_color_active":"","ocean_menu_link_background":"","ocean_menu_link_hover_background":"","ocean_menu_link_active_background":"","ocean_menu_social_links_bg":"","ocean_menu_social_hover_links_bg":"","ocean_menu_social_links_color":"","ocean_menu_social_hover_links_color":"","ocean_disable_title":"default","ocean_disable_heading":"default","ocean_post_title":"","ocean_post_subheading":"","ocean_post_title_style":"","ocean_post_title_background_color":"","ocean_post_title_background":0,"ocean_post_title_bg_image_position":"","ocean_post_title_bg_image_attachment":"","ocean_post_title_bg_image_repeat":"","ocean_post_title_bg_image_size":"","ocean_post_title_height":0,"ocean_post_title_bg_overlay":0.5,"ocean_post_title_bg_overlay_color":"","ocean_disable_breadcrumbs":"default","ocean_breadcrumbs_color":"","ocean_breadcrumbs_separator_color":"","ocean_breadcrumbs_links_color":"","ocean_breadcrumbs_links_hover_color":"","ocean_display_footer_widgets":"default","ocean_display_footer_bottom":"default","ocean_custom_footer_template":"","footnotes":""},"class_list":["post-8391","page","type-page","status-publish","hentry","entry"],"_links":{"self":[{"href":"https:\/\/asf-estrie.org\/en\/wp-json\/wp\/v2\/pages\/8391","targetHints":{"allow":["GET"]}}],"collection":[{"href":"https:\/\/asf-estrie.org\/en\/wp-json\/wp\/v2\/pages"}],"about":[{"href":"https:\/\/asf-estrie.org\/en\/wp-json\/wp\/v2\/types\/page"}],"author":[{"embeddable":true,"href":"https:\/\/asf-estrie.org\/en\/wp-json\/wp\/v2\/users\/1"}],"replies":[{"embeddable":true,"href":"https:\/\/asf-estrie.org\/en\/wp-json\/wp\/v2\/comments?post=8391"}],"version-history":[{"count":0,"href":"https:\/\/asf-estrie.org\/en\/wp-json\/wp\/v2\/pages\/8391\/revisions"}],"wp:attachment":[{"href":"https:\/\/asf-estrie.org\/en\/wp-json\/wp\/v2\/media?parent=8391"}],"curies":[{"name":"wp","href":"https:\/\/api.w.org\/{rel}","templated":true}]}}