{"id":8389,"date":"2018-01-31T15:45:00","date_gmt":"2018-01-31T20:45:00","guid":{"rendered":"https:\/\/asf-estrie.org\/devenir-membre-daction-saint-francois\/"},"modified":"2023-05-16T09:05:49","modified_gmt":"2023-05-16T14:05:49","slug":"devenir-membre-daction-saint-francois","status":"publish","type":"page","link":"https:\/\/asf-estrie.org\/en\/devenir-membre-daction-saint-francois\/","title":{"rendered":"Become a Member"},"content":{"rendered":"\t\t<div data-elementor-type=\"wp-post\" data-elementor-id=\"8389\" class=\"elementor elementor-8389 elementor-300\" data-elementor-post-type=\"page\">\n\t\t\t\t\t\t<section class=\"elementor-section elementor-top-section elementor-element elementor-element-4b3896e elementor-section-stretched elementor-section-full_width elementor-section-height-default elementor-section-height-default\" data-id=\"4b3896e\" data-element_type=\"section\" data-e-type=\"section\" data-settings=\"{&quot;stretch_section&quot;:&quot;section-stretched&quot;}\">\n\t\t\t\t\t\t<div class=\"elementor-container elementor-column-gap-default\">\n\t\t\t\t\t<div class=\"elementor-column elementor-col-100 elementor-top-column elementor-element elementor-element-136f0a8\" data-id=\"136f0a8\" data-element_type=\"column\" data-e-type=\"column\">\n\t\t\t<div class=\"elementor-widget-wrap elementor-element-populated\">\n\t\t\t\t\t\t<div class=\"elementor-element elementor-element-be6e052 elementor-widget elementor-widget-image\" data-id=\"be6e052\" data-element_type=\"widget\" data-e-type=\"widget\" data-widget_type=\"image.default\">\n\t\t\t\t<div class=\"elementor-widget-container\">\n\t\t\t\t\t\t\t\t\t\t\t\t<figure class=\"wp-caption\">\n\t\t\t\t\t\t\t\t\t\t<img decoding=\"async\" src=\"https:\/\/asf-estrie.org\/wp-content\/uploads\/elementor\/thumbs\/Bernache-p5t7x46lknah6k8ju4vfl3pmdarcywhk3gpbdgvss0.png\" title=\"Bernache\" alt=\"Bernache\" loading=\"lazy\" \/>\t\t\t\t\t\t\t\t\t\t\t<figcaption class=\"widget-image-caption wp-caption-text\">BECOME A MEMBER<\/figcaption>\n\t\t\t\t\t\t\t\t\t\t<\/figure>\n\t\t\t\t\t\t\t\t\t<\/div>\n\t\t\t\t<\/div>\n\t\t\t\t\t<\/div>\n\t\t<\/div>\n\t\t\t\t\t<\/div>\n\t\t<\/section>\n\t\t\t\t<section class=\"elementor-section elementor-top-section elementor-element elementor-element-3676cc5 elementor-section-full_width elementor-section-height-default elementor-section-height-default\" data-id=\"3676cc5\" data-element_type=\"section\" data-e-type=\"section\">\n\t\t\t\t\t\t<div class=\"elementor-container elementor-column-gap-default\">\n\t\t\t\t\t<div class=\"elementor-column elementor-col-50 elementor-top-column elementor-element elementor-element-9636ed2\" data-id=\"9636ed2\" data-element_type=\"column\" data-e-type=\"column\">\n\t\t\t<div class=\"elementor-widget-wrap elementor-element-populated\">\n\t\t\t\t\t\t<div class=\"elementor-element elementor-element-ae0210e elementor-widget elementor-widget-heading\" data-id=\"ae0210e\" data-element_type=\"widget\" data-e-type=\"widget\" data-widget_type=\"heading.default\">\n\t\t\t\t<div class=\"elementor-widget-container\">\n\t\t\t\t\t<h2 class=\"elementor-heading-title elementor-size-default\">WHY BECOME A MEMBER OF ACTION SAINT-FRAN\u00c7OIS?<\/h2>\t\t\t\t<\/div>\n\t\t\t\t<\/div>\n\t\t\t\t<div class=\"elementor-element elementor-element-07c3b26 elementor-widget elementor-widget-text-editor\" data-id=\"07c3b26\" data-element_type=\"widget\" data-e-type=\"widget\" data-widget_type=\"text-editor.default\">\n\t\t\t\t<div class=\"elementor-widget-container\">\n\t\t\t\t\t\t\t\t\t<p>Action Saint-Fran\u00e7ois is a nonprofit organization that exists through its members. It is up to them to decide what the organization will accomplish. By means of a general assembly and a board of directors, these members oversee and run the organization; they can also exercise its rights and powers.<\/p><p>A nonprofit organization is only as strong as its members are dynamic. This is why Action Saint-Fran\u00e7ois wishes to encourage as many citizens as possible to join its efforts to protect the environment in the Eastern Townships. Furthermore, Action Saint-Fran\u00e7ois relies on its members\u2019 financial participation in the form of dues. Nature conservation requires financial investments, so by paying their dues, members help the organization achieve its mission.<\/p><p>What makes Action Saint-Fran\u00e7ois unique is the use of <u>concrete<\/u> solutions to protect nature. Its field activities (watercourse cleanups and planting activities) are very popular among citizens, who can truly see the impact of their volunteer involvement.<\/p><p>So if you care about the environment and are willing to invest money in order to preserve it (due to lack of time to get involved), Action Saint-Fran\u00e7ois is well suited to satisfy your need to help and do your part.<\/p>\t\t\t\t\t\t\t\t<\/div>\n\t\t\t\t<\/div>\n\t\t\t\t<section class=\"elementor-section elementor-inner-section elementor-element elementor-element-7daf074 elementor-section-full_width elementor-section-height-default elementor-section-height-default\" data-id=\"7daf074\" data-element_type=\"section\" data-e-type=\"section\" data-settings=\"{&quot;background_background&quot;:&quot;classic&quot;}\">\n\t\t\t\t\t\t<div class=\"elementor-container elementor-column-gap-default\">\n\t\t\t\t\t<div class=\"elementor-column elementor-col-33 elementor-inner-column elementor-element elementor-element-06172a1\" data-id=\"06172a1\" data-element_type=\"column\" data-e-type=\"column\">\n\t\t\t<div class=\"elementor-widget-wrap elementor-element-populated\">\n\t\t\t\t\t\t<div class=\"elementor-element elementor-element-e81683d elementor-widget elementor-widget-text-editor\" data-id=\"e81683d\" data-element_type=\"widget\" data-e-type=\"widget\" data-widget_type=\"text-editor.default\">\n\t\t\t\t<div class=\"elementor-widget-container\">\n\t\t\t\t\t\t\t\t\t<p>REGULAR INDIVIDUAL MEMBER<\/p><p>30$ per year<\/p>\t\t\t\t\t\t\t\t<\/div>\n\t\t\t\t<\/div>\n\t\t\t\t\t<\/div>\n\t\t<\/div>\n\t\t\t\t<div class=\"elementor-column elementor-col-33 elementor-inner-column elementor-element elementor-element-a746edc\" data-id=\"a746edc\" data-element_type=\"column\" data-e-type=\"column\">\n\t\t\t<div class=\"elementor-widget-wrap elementor-element-populated\">\n\t\t\t\t\t\t<div class=\"elementor-element elementor-element-f66b915 elementor-widget elementor-widget-text-editor\" data-id=\"f66b915\" data-element_type=\"widget\" data-e-type=\"widget\" data-widget_type=\"text-editor.default\">\n\t\t\t\t<div class=\"elementor-widget-container\">\n\t\t\t\t\t\t\t\t\t<p>CORPORATE MEMBER, NONPROFIT<\/p><p>50$ per year<\/p>\t\t\t\t\t\t\t\t<\/div>\n\t\t\t\t<\/div>\n\t\t\t\t\t<\/div>\n\t\t<\/div>\n\t\t\t\t<div class=\"elementor-column elementor-col-33 elementor-inner-column elementor-element elementor-element-f62c97e\" data-id=\"f62c97e\" data-element_type=\"column\" data-e-type=\"column\">\n\t\t\t<div class=\"elementor-widget-wrap elementor-element-populated\">\n\t\t\t\t\t\t<div class=\"elementor-element elementor-element-69028cd elementor-widget elementor-widget-text-editor\" data-id=\"69028cd\" data-element_type=\"widget\" data-e-type=\"widget\" data-widget_type=\"text-editor.default\">\n\t\t\t\t<div class=\"elementor-widget-container\">\n\t\t\t\t\t\t\t\t\t<p>CORPORATE MEMBER, BUSINESS<\/p><p>150$ per year<\/p>\t\t\t\t\t\t\t\t<\/div>\n\t\t\t\t<\/div>\n\t\t\t\t\t<\/div>\n\t\t<\/div>\n\t\t\t\t\t<\/div>\n\t\t<\/section>\n\t\t\t\t<div class=\"elementor-element elementor-element-87c3bb9 elementor-button-success elementor-align-justify elementor-invisible elementor-widget elementor-widget-button\" data-id=\"87c3bb9\" data-element_type=\"widget\" data-e-type=\"widget\" data-settings=\"{&quot;_animation&quot;:&quot;bounceIn&quot;}\" data-widget_type=\"button.default\">\n\t\t\t\t<div class=\"elementor-widget-container\">\n\t\t\t\t\t\t\t\t\t<div class=\"elementor-button-wrapper\">\n\t\t\t\t\t<a class=\"elementor-button elementor-button-link elementor-size-xl\" href=\"https:\/\/asf-estrie.org\/en\/eco-socio-financement\/\" target=\"_blank\">\n\t\t\t\t\t\t<span class=\"elementor-button-content-wrapper\">\n\t\t\t\t\t\t\t\t\t<span class=\"elementor-button-text\">CLICK HERE TO BECOME A MEMBER OF ACTION SAINT-FRAN\u00c7OIS <\/span>\n\t\t\t\t\t<\/span>\n\t\t\t\t\t<\/a>\n\t\t\t\t<\/div>\n\t\t\t\t\t\t\t\t<\/div>\n\t\t\t\t<\/div>\n\t\t\t\t\t<\/div>\n\t\t<\/div>\n\t\t\t\t<div class=\"elementor-column elementor-col-50 elementor-top-column elementor-element elementor-element-e304ff4\" data-id=\"e304ff4\" data-element_type=\"column\" data-e-type=\"column\">\n\t\t\t<div class=\"elementor-widget-wrap elementor-element-populated\">\n\t\t\t\t\t\t<div class=\"elementor-element elementor-element-27856ce elementor-widget elementor-widget-heading\" data-id=\"27856ce\" data-element_type=\"widget\" data-e-type=\"widget\" data-widget_type=\"heading.default\">\n\t\t\t\t<div class=\"elementor-widget-container\">\n\t\t\t\t\t<h2 class=\"elementor-heading-title elementor-size-default\">General membership rules<\/h2>\t\t\t\t<\/div>\n\t\t\t\t<\/div>\n\t\t\t\t<div class=\"elementor-element elementor-element-df3c368 elementor-widget elementor-widget-text-editor\" data-id=\"df3c368\" data-element_type=\"widget\" data-e-type=\"widget\" data-widget_type=\"text-editor.default\">\n\t\t\t\t<div class=\"elementor-widget-container\">\n\t\t\t\t\t\t\t\t\t<p><strong>1. Classes of members<\/strong><\/p><p>Action Saint-Fran\u00e7ois has three classes of members: regular individual members, corporate members, and founding members. Corporate members are divided into two subcategories: one for businesses and institutions, and one for nonprofit organizations. To become a regular member, a person must pay $30, and this amount is raised to $50 for corporate nonprofit members and $150 for corporate business or institutional members. Founding members are appointed for life, so they have no dues to pay. The board of directors can add new membership classes as it sees fit.<\/p><p><strong>2. Membres<\/strong><\/p><p>A person becomes a member after paying their dues. Eligibility requirements other than those set forth in article\u00a01 can be adopted by a resolution of the board.<\/p><p><strong>3. Founding members<\/strong><\/p><p>Marie-Jos\u00e9e Laurin, Guy Th\u00e9berge, William Lucy, Fran\u00e7ois Danis, Andr\u00e9e Bourassa et Michelle Salvail are appointed as founding members for life and are not required to pay dues<\/p><p><strong>4. Membership dues<\/strong><\/p><p>Members must pay annual dues to the Action Saint-Fran\u00e7ois corporation. The amount of these dues is determined by resolution of the board.<\/p><p>Once a member is elected to the board, they are not required to renew their dues until their mandate is over.<\/p><p><strong>5. Suspension and expulsion<\/strong><\/p><p>The board can suspend any member, for such period as they may determine, who violates the rules or whose actions are deemed detrimental to the corporation. The expelled member can appeal the board\u2019s decision in accordance with the Code of Ethics provisions.<\/p>\t\t\t\t\t\t\t\t<\/div>\n\t\t\t\t<\/div>\n\t\t\t\t\t<\/div>\n\t\t<\/div>\n\t\t\t\t\t<\/div>\n\t\t<\/section>\n\t\t\t\t<\/div>\n\t\t","protected":false},"excerpt":{"rendered":"<p>BECOME A MEMBER WHY BECOME A MEMBER OF ACTION SAINT-FRAN\u00c7OIS? Action Saint-Fran\u00e7ois is a nonprofit organization that exists through its members. It is up to them to decide what the [&hellip;]<\/p>\n","protected":false},"author":1,"featured_media":0,"parent":0,"menu_order":0,"comment_status":"closed","ping_status":"closed","template":"","meta":{"ocean_post_layout":"","ocean_both_sidebars_style":"","ocean_both_sidebars_content_width":0,"ocean_both_sidebars_sidebars_width":0,"ocean_sidebar":"0","ocean_second_sidebar":"0","ocean_disable_margins":"enable","ocean_add_body_class":"","ocean_shortcode_before_top_bar":"","ocean_shortcode_after_top_bar":"","ocean_shortcode_before_header":"","ocean_shortcode_after_header":"","ocean_has_shortcode":"","ocean_shortcode_after_title":"","ocean_shortcode_before_footer_widgets":"","ocean_shortcode_after_footer_widgets":"","ocean_shortcode_before_footer_bottom":"","ocean_shortcode_after_footer_bottom":"","ocean_display_top_bar":"default","ocean_display_header":"default","ocean_header_style":"","ocean_center_header_left_menu":"0","ocean_custom_header_template":"0","ocean_custom_logo":0,"ocean_custom_retina_logo":0,"ocean_custom_logo_max_width":0,"ocean_custom_logo_tablet_max_width":0,"ocean_custom_logo_mobile_max_width":0,"ocean_custom_logo_max_height":0,"ocean_custom_logo_tablet_max_height":0,"ocean_custom_logo_mobile_max_height":0,"ocean_header_custom_menu":"0","ocean_menu_typo_font_family":"0","ocean_menu_typo_font_subset":"","ocean_menu_typo_font_size":0,"ocean_menu_typo_font_size_tablet":0,"ocean_menu_typo_font_size_mobile":0,"ocean_menu_typo_font_size_unit":"px","ocean_menu_typo_font_weight":"","ocean_menu_typo_font_weight_tablet":"","ocean_menu_typo_font_weight_mobile":"","ocean_menu_typo_transform":"","ocean_menu_typo_transform_tablet":"","ocean_menu_typo_transform_mobile":"","ocean_menu_typo_line_height":0,"ocean_menu_typo_line_height_tablet":0,"ocean_menu_typo_line_height_mobile":0,"ocean_menu_typo_line_height_unit":"","ocean_menu_typo_spacing":0,"ocean_menu_typo_spacing_tablet":0,"ocean_menu_typo_spacing_mobile":0,"ocean_menu_typo_spacing_unit":"","ocean_menu_link_color":"","ocean_menu_link_color_hover":"","ocean_menu_link_color_active":"","ocean_menu_link_background":"","ocean_menu_link_hover_background":"","ocean_menu_link_active_background":"","ocean_menu_social_links_bg":"","ocean_menu_social_hover_links_bg":"","ocean_menu_social_links_color":"","ocean_menu_social_hover_links_color":"","ocean_disable_title":"default","ocean_disable_heading":"default","ocean_post_title":"","ocean_post_subheading":"","ocean_post_title_style":"","ocean_post_title_background_color":"","ocean_post_title_background":0,"ocean_post_title_bg_image_position":"","ocean_post_title_bg_image_attachment":"","ocean_post_title_bg_image_repeat":"","ocean_post_title_bg_image_size":"","ocean_post_title_height":0,"ocean_post_title_bg_overlay":0.5,"ocean_post_title_bg_overlay_color":"","ocean_disable_breadcrumbs":"default","ocean_breadcrumbs_color":"","ocean_breadcrumbs_separator_color":"","ocean_breadcrumbs_links_color":"","ocean_breadcrumbs_links_hover_color":"","ocean_display_footer_widgets":"default","ocean_display_footer_bottom":"default","ocean_custom_footer_template":"0","footnotes":""},"class_list":["post-8389","page","type-page","status-publish","hentry","entry"],"_links":{"self":[{"href":"https:\/\/asf-estrie.org\/en\/wp-json\/wp\/v2\/pages\/8389","targetHints":{"allow":["GET"]}}],"collection":[{"href":"https:\/\/asf-estrie.org\/en\/wp-json\/wp\/v2\/pages"}],"about":[{"href":"https:\/\/asf-estrie.org\/en\/wp-json\/wp\/v2\/types\/page"}],"author":[{"embeddable":true,"href":"https:\/\/asf-estrie.org\/en\/wp-json\/wp\/v2\/users\/1"}],"replies":[{"embeddable":true,"href":"https:\/\/asf-estrie.org\/en\/wp-json\/wp\/v2\/comments?post=8389"}],"version-history":[{"count":7,"href":"https:\/\/asf-estrie.org\/en\/wp-json\/wp\/v2\/pages\/8389\/revisions"}],"predecessor-version":[{"id":8695,"href":"https:\/\/asf-estrie.org\/en\/wp-json\/wp\/v2\/pages\/8389\/revisions\/8695"}],"wp:attachment":[{"href":"https:\/\/asf-estrie.org\/en\/wp-json\/wp\/v2\/media?parent=8389"}],"curies":[{"name":"wp","href":"https:\/\/api.w.org\/{rel}","templated":true}]}}