{"id":7705,"date":"2018-01-31T15:41:48","date_gmt":"2018-01-31T20:41:48","guid":{"rendered":"https:\/\/asf-estrie.org\/contributions-nature\/"},"modified":"2022-06-20T13:34:55","modified_gmt":"2022-06-20T18:34:55","slug":"contributions-nature","status":"publish","type":"page","link":"https:\/\/asf-estrie.org\/en\/contributions-nature\/","title":{"rendered":"Contributions nature"},"content":{"rendered":"\t\t<div data-elementor-type=\"wp-post\" data-elementor-id=\"7705\" class=\"elementor elementor-7705 elementor-294\" data-elementor-post-type=\"page\">\n\t\t\t\t\t\t<section class=\"elementor-section elementor-top-section elementor-element elementor-element-4438054 elementor-section-stretched elementor-section-full_width elementor-section-height-default elementor-section-height-default\" data-id=\"4438054\" data-element_type=\"section\" data-e-type=\"section\" data-settings=\"{&quot;stretch_section&quot;:&quot;section-stretched&quot;}\">\n\t\t\t\t\t\t<div class=\"elementor-container elementor-column-gap-default\">\n\t\t\t\t\t<div class=\"elementor-column elementor-col-100 elementor-top-column elementor-element elementor-element-d095f5f\" data-id=\"d095f5f\" data-element_type=\"column\" data-e-type=\"column\">\n\t\t\t<div class=\"elementor-widget-wrap elementor-element-populated\">\n\t\t\t\t\t\t<div class=\"elementor-element elementor-element-78fecc9 elementor-widget elementor-widget-image\" data-id=\"78fecc9\" data-element_type=\"widget\" data-e-type=\"widget\" data-widget_type=\"image.default\">\n\t\t\t\t<div class=\"elementor-widget-container\">\n\t\t\t\t\t\t\t\t\t\t\t\t\t\t\t<img decoding=\"async\" src=\"https:\/\/asf-estrie.org\/wp-content\/uploads\/elementor\/thumbs\/Image-1-p5t7x46lkna6y9keo3j7bjsm6dj9byhyspyeczmb98.png\" title=\"Image 1\" alt=\"Image 1\" loading=\"lazy\" \/>\t\t\t\t\t\t\t\t\t\t\t\t\t\t\t<\/div>\n\t\t\t\t<\/div>\n\t\t\t\t\t<\/div>\n\t\t<\/div>\n\t\t\t\t\t<\/div>\n\t\t<\/section>\n\t\t\t\t<section class=\"elementor-section elementor-top-section elementor-element elementor-element-b3960b0 elementor-section-stretched elementor-section-full_width elementor-section-height-default elementor-section-height-default\" data-id=\"b3960b0\" data-element_type=\"section\" data-e-type=\"section\" data-settings=\"{&quot;stretch_section&quot;:&quot;section-stretched&quot;}\">\n\t\t\t\t\t\t<div class=\"elementor-container elementor-column-gap-default\">\n\t\t\t\t\t<div class=\"elementor-column elementor-col-100 elementor-top-column elementor-element elementor-element-9b6ad19\" data-id=\"9b6ad19\" data-element_type=\"column\" data-e-type=\"column\">\n\t\t\t<div class=\"elementor-widget-wrap elementor-element-populated\">\n\t\t\t\t\t\t<div class=\"elementor-element elementor-element-3e9e969 elementor-widget elementor-widget-heading\" data-id=\"3e9e969\" data-element_type=\"widget\" data-e-type=\"widget\" data-widget_type=\"heading.default\">\n\t\t\t\t<div class=\"elementor-widget-container\">\n\t\t\t\t\t<h2 class=\"elementor-heading-title elementor-size-default\">CONTRIBUTIONS NATURE EN<\/h2>\t\t\t\t<\/div>\n\t\t\t\t<\/div>\n\t\t\t\t\t<\/div>\n\t\t<\/div>\n\t\t\t\t\t<\/div>\n\t\t<\/section>\n\t\t\t\t<section class=\"elementor-section elementor-top-section elementor-element elementor-element-590998b elementor-section-stretched elementor-section-full_width elementor-section-height-default elementor-section-height-default\" data-id=\"590998b\" data-element_type=\"section\" data-e-type=\"section\" data-settings=\"{&quot;stretch_section&quot;:&quot;section-stretched&quot;}\">\n\t\t\t\t\t\t<div class=\"elementor-container elementor-column-gap-default\">\n\t\t\t\t\t<div class=\"elementor-column elementor-col-50 elementor-top-column elementor-element elementor-element-6fcd61b\" data-id=\"6fcd61b\" data-element_type=\"column\" data-e-type=\"column\">\n\t\t\t<div class=\"elementor-widget-wrap elementor-element-populated\">\n\t\t\t\t\t\t<div class=\"elementor-element elementor-element-59bb25e elementor-widget elementor-widget-text-editor\" data-id=\"59bb25e\" data-element_type=\"widget\" data-e-type=\"widget\" data-widget_type=\"text-editor.default\">\n\t\t\t\t<div class=\"elementor-widget-container\">\n\t\t\t\t\t\t\t\t\t<p><strong>DON MAT\u00c9RIEL<\/strong><\/p><p>Certaines personnes n&#8217;ont pas les sous pour faire un don \u00e0 Action Saint-Fran\u00e7ois. Elles n&#8217;ont pas le temps ou la sant\u00e9 pour \u00eatre b\u00e9n\u00e9vole \u00e0 l&#8217;une de nos activit\u00e9s. Toutefois, si elles veulent quand m\u00eame aider, elles peuvent le faire en faisant une contribution nature.<\/p><p>Les contributions nature peuvent correspondre \u00e0 du temps donn\u00e9 ou du mat\u00e9riel donn\u00e9. Les personnes qui le peuvent deviennent b\u00e9n\u00e9vole, celles qui n&#8217;ont pas de temps peuvent donner du mat\u00e9riel :<\/p><ul><li>Outils pour les activit\u00e9s de nettoyage (ex: pelles, pics, sacs, chaines, etc.);<\/li><li>Arbres, arbustes, herbac\u00e9es, terre pour les plantations;<\/li><li>Feuilles de papier pour le travail de bureau;<\/li><li>Appareils \u00e9lectrique (imprimantes, ordinateurs, etc.) pour le travail de bureau;<\/li><li>Appareils \u00e9lectriques ou m\u00e9caniques (perceuses, scies \u00e0 chaine, etc.) pour le travail de terrain;<\/li><li>Etc.<\/li><\/ul><p>Tous les dons doivent \u00eatre \u00e9valu\u00e9s, car nous ne pouvons pas accepter du mat\u00e9riel qui ne fonctionne pas ou qui n&#8217;est pas d&#8217;assez bonne qualit\u00e9 pour \u00eatre utilis\u00e9. Si vous avez des id\u00e9es de dons, faites-les nous conna\u00eetre et nous vous dirons si cela peut correspondre \u00e0 nos besoins.<\/p>\t\t\t\t\t\t\t\t<\/div>\n\t\t\t\t<\/div>\n\t\t\t\t\t<\/div>\n\t\t<\/div>\n\t\t\t\t<div class=\"elementor-column elementor-col-50 elementor-top-column elementor-element elementor-element-adbeff8\" data-id=\"adbeff8\" data-element_type=\"column\" data-e-type=\"column\" data-settings=\"{&quot;background_background&quot;:&quot;classic&quot;}\">\n\t\t\t<div class=\"elementor-widget-wrap elementor-element-populated\">\n\t\t\t\t\t\t<div class=\"elementor-element elementor-element-6514865 elementor-widget elementor-widget-text-editor\" data-id=\"6514865\" data-element_type=\"widget\" data-e-type=\"widget\" data-widget_type=\"text-editor.default\">\n\t\t\t\t<div class=\"elementor-widget-container\">\n\t\t\t\t\t\t\t\t\t<p><strong>DON DE GRANDE VALEUR<\/strong><\/p><p>D&#8217;autre part, une personne pourrait vouloir donner du mat\u00e9riel de plus grande valeur, comme des v\u00e9hicules (automobile, camion, tout-terrain, etc.), des immeubles ou des terrains.<\/p><p>Elle peut aussi vouloir faire don \u00e0 Action Saint-Fran\u00e7ois d&#8217;un h\u00e9ritage par la m\u00e9thode du don planifi\u00e9 qui consiste \u00e0 pr\u00e9parer de son vivant une donation \u00e0 l&#8217;organisme de son choix.<\/p><p>Dans tous les cas, vous devez prendre contact avec Action Saint-Fran\u00e7ois pour expliquer ce que vous voulez faire.<\/p><p>L&#8217;organisme a \u00e9t\u00e9 cr\u00e9\u00e9 \u00e0 la base par des citoyens b\u00e9n\u00e9voles qui ont donn\u00e9 de leur temps et s&#8217;est d\u00e9velopp\u00e9 par la suite\u00a0 par des personnes qui ont fait des dons en argent. Ce n&#8217;est que plus tard que nous avons re\u00e7u de l&#8217;aide financi\u00e8re de diff\u00e9rents paliers du gouvernement, mais comme c&#8217;est de plus en plus difficile d&#8217;avoir des subventions gouvernementales, nous nous tournons vers l&#8217;entreprise priv\u00e9e et l&#8217;individu.<\/p><p>Si vous \u00eates int\u00e9ress\u00e9s \u00e0 faire un don de grande valeur, mais que vous voulez \u00eatre certain que votre &#8220;contribution&#8221; soit bien investie, sachez que l&#8217;organisme tient \u00e0 chaque ann\u00e9e une assembl\u00e9e g\u00e9n\u00e9rale (\u00e0 laquelle vous pouvez assister) o\u00f9 elle d\u00e9voile son bilan financier et que nous agissons en toute transparence.<\/p>\t\t\t\t\t\t\t\t<\/div>\n\t\t\t\t<\/div>\n\t\t\t\t\t<\/div>\n\t\t<\/div>\n\t\t\t\t\t<\/div>\n\t\t<\/section>\n\t\t\t\t<\/div>\n\t\t","protected":false},"excerpt":{"rendered":"<p>CONTRIBUTIONS NATURE EN DON MAT\u00c9RIEL Certaines personnes n&#8217;ont pas les sous pour faire un don \u00e0 Action Saint-Fran\u00e7ois. Elles n&#8217;ont pas le temps ou la sant\u00e9 pour \u00eatre b\u00e9n\u00e9vole \u00e0 [&hellip;]<\/p>\n","protected":false},"author":1,"featured_media":0,"parent":0,"menu_order":0,"comment_status":"closed","ping_status":"closed","template":"","meta":{"ocean_post_layout":"","ocean_both_sidebars_style":"","ocean_both_sidebars_content_width":0,"ocean_both_sidebars_sidebars_width":0,"ocean_sidebar":"0","ocean_second_sidebar":"0","ocean_disable_margins":"enable","ocean_add_body_class":"","ocean_shortcode_before_top_bar":"","ocean_shortcode_after_top_bar":"","ocean_shortcode_before_header":"","ocean_shortcode_after_header":"","ocean_has_shortcode":"","ocean_shortcode_after_title":"","ocean_shortcode_before_footer_widgets":"","ocean_shortcode_after_footer_widgets":"","ocean_shortcode_before_footer_bottom":"","ocean_shortcode_after_footer_bottom":"","ocean_display_top_bar":"default","ocean_display_header":"default","ocean_header_style":"","ocean_center_header_left_menu":"0","ocean_custom_header_template":"0","ocean_custom_logo":0,"ocean_custom_retina_logo":0,"ocean_custom_logo_max_width":0,"ocean_custom_logo_tablet_max_width":0,"ocean_custom_logo_mobile_max_width":0,"ocean_custom_logo_max_height":0,"ocean_custom_logo_tablet_max_height":0,"ocean_custom_logo_mobile_max_height":0,"ocean_header_custom_menu":"0","ocean_menu_typo_font_family":"0","ocean_menu_typo_font_subset":"","ocean_menu_typo_font_size":0,"ocean_menu_typo_font_size_tablet":0,"ocean_menu_typo_font_size_mobile":0,"ocean_menu_typo_font_size_unit":"px","ocean_menu_typo_font_weight":"","ocean_menu_typo_font_weight_tablet":"","ocean_menu_typo_font_weight_mobile":"","ocean_menu_typo_transform":"","ocean_menu_typo_transform_tablet":"","ocean_menu_typo_transform_mobile":"","ocean_menu_typo_line_height":0,"ocean_menu_typo_line_height_tablet":0,"ocean_menu_typo_line_height_mobile":0,"ocean_menu_typo_line_height_unit":"","ocean_menu_typo_spacing":0,"ocean_menu_typo_spacing_tablet":0,"ocean_menu_typo_spacing_mobile":0,"ocean_menu_typo_spacing_unit":"","ocean_menu_link_color":"","ocean_menu_link_color_hover":"","ocean_menu_link_color_active":"","ocean_menu_link_background":"","ocean_menu_link_hover_background":"","ocean_menu_link_active_background":"","ocean_menu_social_links_bg":"","ocean_menu_social_hover_links_bg":"","ocean_menu_social_links_color":"","ocean_menu_social_hover_links_color":"","ocean_disable_title":"default","ocean_disable_heading":"default","ocean_post_title":"","ocean_post_subheading":"","ocean_post_title_style":"","ocean_post_title_background_color":"","ocean_post_title_background":0,"ocean_post_title_bg_image_position":"","ocean_post_title_bg_image_attachment":"","ocean_post_title_bg_image_repeat":"","ocean_post_title_bg_image_size":"","ocean_post_title_height":0,"ocean_post_title_bg_overlay":0.5,"ocean_post_title_bg_overlay_color":"","ocean_disable_breadcrumbs":"default","ocean_breadcrumbs_color":"","ocean_breadcrumbs_separator_color":"","ocean_breadcrumbs_links_color":"","ocean_breadcrumbs_links_hover_color":"","ocean_display_footer_widgets":"default","ocean_display_footer_bottom":"default","ocean_custom_footer_template":"0","footnotes":""},"class_list":["post-7705","page","type-page","status-publish","hentry","entry"],"_links":{"self":[{"href":"https:\/\/asf-estrie.org\/en\/wp-json\/wp\/v2\/pages\/7705","targetHints":{"allow":["GET"]}}],"collection":[{"href":"https:\/\/asf-estrie.org\/en\/wp-json\/wp\/v2\/pages"}],"about":[{"href":"https:\/\/asf-estrie.org\/en\/wp-json\/wp\/v2\/types\/page"}],"author":[{"embeddable":true,"href":"https:\/\/asf-estrie.org\/en\/wp-json\/wp\/v2\/users\/1"}],"replies":[{"embeddable":true,"href":"https:\/\/asf-estrie.org\/en\/wp-json\/wp\/v2\/comments?post=7705"}],"version-history":[{"count":3,"href":"https:\/\/asf-estrie.org\/en\/wp-json\/wp\/v2\/pages\/7705\/revisions"}],"predecessor-version":[{"id":7709,"href":"https:\/\/asf-estrie.org\/en\/wp-json\/wp\/v2\/pages\/7705\/revisions\/7709"}],"wp:attachment":[{"href":"https:\/\/asf-estrie.org\/en\/wp-json\/wp\/v2\/media?parent=7705"}],"curies":[{"name":"wp","href":"https:\/\/api.w.org\/{rel}","templated":true}]}}